{"id":1376,"date":"2024-03-05T04:42:51","date_gmt":"2024-03-05T03:42:51","guid":{"rendered":"https:\/\/malandaincjc.greenshift.eu\/?page_id=1376"},"modified":"2024-09-25T10:21:28","modified_gmt":"2024-09-25T08:21:28","slug":"editions-precedentes","status":"publish","type":"page","link":"https:\/\/www.concours-de-jeunes-choregraphes.com\/en\/editions-precedentes\/","title":{"rendered":"Previous Editions"},"content":{"rendered":"<div data-elementor-type=\"wp-page\" data-elementor-id=\"1376\" class=\"elementor elementor-1376\" data-elementor-post-type=\"page\">\n\t\t\t\t\t\t<section class=\"elementor-section elementor-top-section elementor-element elementor-element-76fe72b elementor-section-full_width elementor-section-stretched elementor-section-height-default elementor-section-height-default\" data-id=\"76fe72b\" data-element_type=\"section\" data-settings=\"{&quot;stretch_section&quot;:&quot;section-stretched&quot;,&quot;jet_parallax_layout_list&quot;:[]}\">\n\t\t\t\t\t\t<div class=\"elementor-container elementor-column-gap-default\">\n\t\t\t\t\t<div class=\"elementor-column elementor-col-100 elementor-top-column elementor-element elementor-element-432098b\" data-id=\"432098b\" data-element_type=\"column\">\n\t\t\t<div class=\"elementor-widget-wrap elementor-element-populated\">\n\t\t\t\t\t\t<div class=\"elementor-element elementor-element-c802e6a elementor-widget elementor-widget-image\" data-id=\"c802e6a\" data-element_type=\"widget\" data-widget_type=\"image.default\">\n\t\t\t\t<div class=\"elementor-widget-container\">\n\t\t\t\t\t\t\t\t\t\t\t\t\t\t\t<img fetchpriority=\"high\" decoding=\"async\" width=\"1024\" height=\"683\" src=\"https:\/\/www.concours-de-jeunes-choregraphes.com\/wp-content\/uploads\/2024\/04\/Xenia-Wiest_To-be-continued-\u00a9-Olivier-Houeix-002-1024x683.jpg\" class=\"attachment-large size-large wp-image-2440\" alt=\"\" srcset=\"https:\/\/www.concours-de-jeunes-choregraphes.com\/wp-content\/uploads\/2024\/04\/Xenia-Wiest_To-be-continued-\u00a9-Olivier-Houeix-002-1024x683.jpg 1024w, https:\/\/www.concours-de-jeunes-choregraphes.com\/wp-content\/uploads\/2024\/04\/Xenia-Wiest_To-be-continued-\u00a9-Olivier-Houeix-002-300x200.jpg 300w, https:\/\/www.concours-de-jeunes-choregraphes.com\/wp-content\/uploads\/2024\/04\/Xenia-Wiest_To-be-continued-\u00a9-Olivier-Houeix-002-768x512.jpg 768w, https:\/\/www.concours-de-jeunes-choregraphes.com\/wp-content\/uploads\/2024\/04\/Xenia-Wiest_To-be-continued-\u00a9-Olivier-Houeix-002-1536x1024.jpg 1536w, https:\/\/www.concours-de-jeunes-choregraphes.com\/wp-content\/uploads\/2024\/04\/Xenia-Wiest_To-be-continued-\u00a9-Olivier-Houeix-002-18x12.jpg 18w\" sizes=\"(max-width: 1024px) 100vw, 1024px\" \/>\t\t\t\t\t\t\t\t\t\t\t\t\t\t\t<\/div>\n\t\t\t\t<\/div>\n\t\t\t\t\t<\/div>\n\t\t<\/div>\n\t\t\t\t\t<\/div>\n\t\t<\/section>\n\t\t\t\t<section class=\"elementor-section elementor-top-section elementor-element elementor-element-676e7b3 elementor-section-boxed elementor-section-height-default elementor-section-height-default\" data-id=\"676e7b3\" data-element_type=\"section\" data-settings=\"{&quot;jet_parallax_layout_list&quot;:[]}\">\n\t\t\t\t\t\t<div class=\"elementor-container elementor-column-gap-default\">\n\t\t\t\t\t<div class=\"elementor-column elementor-col-100 elementor-top-column elementor-element elementor-element-3caf49a\" data-id=\"3caf49a\" data-element_type=\"column\">\n\t\t\t<div class=\"elementor-widget-wrap elementor-element-populated\">\n\t\t\t\t\t\t<div class=\"elementor-element elementor-element-07fdb52 elementor-widget elementor-widget-heading\" data-id=\"07fdb52\" data-element_type=\"widget\" data-widget_type=\"heading.default\">\n\t\t\t\t<div class=\"elementor-widget-container\">\n\t\t\t\t\t<h2 class=\"elementor-heading-title elementor-size-default\">PREVIOUS EDITIONS<\/h2>\t\t\t\t<\/div>\n\t\t\t\t<\/div>\n\t\t\t\t<section class=\"elementor-section elementor-inner-section elementor-element elementor-element-0f04f4f elementor-section-boxed elementor-section-height-default elementor-section-height-default\" data-id=\"0f04f4f\" data-element_type=\"section\" data-settings=\"{&quot;jet_parallax_layout_list&quot;:[]}\">\n\t\t\t\t\t\t<div class=\"elementor-container elementor-column-gap-default\">\n\t\t\t\t\t<div class=\"elementor-column elementor-col-25 elementor-inner-column elementor-element elementor-element-2992938\" data-id=\"2992938\" data-element_type=\"column\">\n\t\t\t<div class=\"elementor-widget-wrap elementor-element-populated\">\n\t\t\t\t\t\t<div class=\"elementor-element elementor-element-17eb7e1 elementor-position-top elementor-widget elementor-widget-image-box\" data-id=\"17eb7e1\" data-element_type=\"widget\" data-widget_type=\"image-box.default\">\n\t\t\t\t<div class=\"elementor-widget-container\">\n\t\t\t\t\t<div class=\"elementor-image-box-wrapper\"><figure class=\"elementor-image-box-img\"><a href=\"https:\/\/www.concours-de-jeunes-choregraphes.com\/en\/edition-2024\/\" tabindex=\"-1\"><img decoding=\"async\" width=\"550\" height=\"550\" src=\"https:\/\/www.concours-de-jeunes-choregraphes.com\/wp-content\/uploads\/2024\/06\/photos_concours_07-550x550.jpg\" class=\"attachment-bard_mikado_square size-bard_mikado_square wp-image-3400\" alt=\"\" srcset=\"https:\/\/www.concours-de-jeunes-choregraphes.com\/wp-content\/uploads\/2024\/06\/photos_concours_07-550x550.jpg 550w, https:\/\/www.concours-de-jeunes-choregraphes.com\/wp-content\/uploads\/2024\/06\/photos_concours_07-150x150.jpg 150w\" sizes=\"(max-width: 550px) 100vw, 550px\" \/><\/a><\/figure><div class=\"elementor-image-box-content\"><h3 class=\"elementor-image-box-title\"><a href=\"https:\/\/www.concours-de-jeunes-choregraphes.com\/en\/edition-2024\/\">Edition 2024<\/a><\/h3><p class=\"elementor-image-box-description\">Final in Biarritz<\/p><\/div><\/div>\t\t\t\t<\/div>\n\t\t\t\t<\/div>\n\t\t\t\t\t<\/div>\n\t\t<\/div>\n\t\t\t\t<div class=\"elementor-column elementor-col-25 elementor-inner-column elementor-element elementor-element-3216829\" data-id=\"3216829\" data-element_type=\"column\">\n\t\t\t<div class=\"elementor-widget-wrap elementor-element-populated\">\n\t\t\t\t\t\t<div class=\"elementor-element elementor-element-ca0ea02 elementor-position-top elementor-widget elementor-widget-image-box\" data-id=\"ca0ea02\" data-element_type=\"widget\" data-widget_type=\"image-box.default\">\n\t\t\t\t<div class=\"elementor-widget-container\">\n\t\t\t\t\t<div class=\"elementor-image-box-wrapper\"><figure class=\"elementor-image-box-img\"><a href=\"https:\/\/www.concours-de-jeunes-choregraphes.com\/en\/edition-2022\/\" tabindex=\"-1\"><img decoding=\"async\" width=\"550\" height=\"550\" src=\"https:\/\/www.concours-de-jeunes-choregraphes.com\/wp-content\/uploads\/2024\/04\/Houston-Thomas-\u00a9-Olivier-Houeix-OHX_1869-550x550.jpg\" class=\"attachment-bard_mikado_square size-bard_mikado_square wp-image-2256\" alt=\"\" srcset=\"https:\/\/www.concours-de-jeunes-choregraphes.com\/wp-content\/uploads\/2024\/04\/Houston-Thomas-\u00a9-Olivier-Houeix-OHX_1869-550x550.jpg 550w, https:\/\/www.concours-de-jeunes-choregraphes.com\/wp-content\/uploads\/2024\/04\/Houston-Thomas-\u00a9-Olivier-Houeix-OHX_1869-150x150.jpg 150w, https:\/\/www.concours-de-jeunes-choregraphes.com\/wp-content\/uploads\/2024\/04\/Houston-Thomas-\u00a9-Olivier-Houeix-OHX_1869-1100x1100.jpg 1100w\" sizes=\"(max-width: 550px) 100vw, 550px\" \/><\/a><\/figure><div class=\"elementor-image-box-content\"><h3 class=\"elementor-image-box-title\"><a href=\"https:\/\/www.concours-de-jeunes-choregraphes.com\/en\/edition-2022\/\">2022 edition<\/a><\/h3><p class=\"elementor-image-box-description\">Final in Biarritz<\/p><\/div><\/div>\t\t\t\t<\/div>\n\t\t\t\t<\/div>\n\t\t\t\t\t<\/div>\n\t\t<\/div>\n\t\t\t\t<div class=\"elementor-column elementor-col-25 elementor-inner-column elementor-element elementor-element-433d58c\" data-id=\"433d58c\" data-element_type=\"column\">\n\t\t\t<div class=\"elementor-widget-wrap elementor-element-populated\">\n\t\t\t\t\t\t<div class=\"elementor-element elementor-element-c811913 elementor-position-top elementor-widget elementor-widget-image-box\" data-id=\"c811913\" data-element_type=\"widget\" data-widget_type=\"image-box.default\">\n\t\t\t\t<div class=\"elementor-widget-container\">\n\t\t\t\t\t<div class=\"elementor-image-box-wrapper\"><figure class=\"elementor-image-box-img\"><a href=\"https:\/\/www.concours-de-jeunes-choregraphes.com\/en\/edition-2018\/\" tabindex=\"-1\"><img loading=\"lazy\" decoding=\"async\" width=\"550\" height=\"550\" src=\"https:\/\/www.concours-de-jeunes-choregraphes.com\/wp-content\/uploads\/2024\/04\/07-e1712227139251-550x550.jpg\" class=\"attachment-bard_mikado_square size-bard_mikado_square wp-image-2257\" alt=\"\" srcset=\"https:\/\/www.concours-de-jeunes-choregraphes.com\/wp-content\/uploads\/2024\/04\/07-e1712227139251-550x550.jpg 550w, https:\/\/www.concours-de-jeunes-choregraphes.com\/wp-content\/uploads\/2024\/04\/07-e1712227139251-150x150.jpg 150w, https:\/\/www.concours-de-jeunes-choregraphes.com\/wp-content\/uploads\/2024\/04\/07-e1712227139251-13x12.jpg 13w\" sizes=\"(max-width: 550px) 100vw, 550px\" \/><\/a><\/figure><div class=\"elementor-image-box-content\"><h3 class=\"elementor-image-box-title\"><a href=\"https:\/\/www.concours-de-jeunes-choregraphes.com\/en\/edition-2018\/\">2018 edition<\/a><\/h3><p class=\"elementor-image-box-description\">Final in Bordeaux<\/p><\/div><\/div>\t\t\t\t<\/div>\n\t\t\t\t<\/div>\n\t\t\t\t\t<\/div>\n\t\t<\/div>\n\t\t\t\t<div class=\"elementor-column elementor-col-25 elementor-inner-column elementor-element elementor-element-3f9adc2\" data-id=\"3f9adc2\" data-element_type=\"column\">\n\t\t\t<div class=\"elementor-widget-wrap elementor-element-populated\">\n\t\t\t\t\t\t<div class=\"elementor-element elementor-element-6a14423 elementor-position-top elementor-widget elementor-widget-image-box\" data-id=\"6a14423\" data-element_type=\"widget\" data-widget_type=\"image-box.default\">\n\t\t\t\t<div class=\"elementor-widget-container\">\n\t\t\t\t\t<div class=\"elementor-image-box-wrapper\"><figure class=\"elementor-image-box-img\"><a href=\"https:\/\/www.concours-de-jeunes-choregraphes.com\/en\/edition-2016\/\" tabindex=\"-1\"><img loading=\"lazy\" decoding=\"async\" width=\"550\" height=\"550\" src=\"https:\/\/www.concours-de-jeunes-choregraphes.com\/wp-content\/uploads\/2024\/04\/Martin-Harriague_Prince-\u00a9-Olivier-Houeix-001-e1712227068678-550x550.jpg\" class=\"attachment-bard_mikado_square size-bard_mikado_square wp-image-2258\" alt=\"\" srcset=\"https:\/\/www.concours-de-jeunes-choregraphes.com\/wp-content\/uploads\/2024\/04\/Martin-Harriague_Prince-\u00a9-Olivier-Houeix-001-e1712227068678-550x550.jpg 550w, https:\/\/www.concours-de-jeunes-choregraphes.com\/wp-content\/uploads\/2024\/04\/Martin-Harriague_Prince-\u00a9-Olivier-Houeix-001-e1712227068678-150x150.jpg 150w, https:\/\/www.concours-de-jeunes-choregraphes.com\/wp-content\/uploads\/2024\/04\/Martin-Harriague_Prince-\u00a9-Olivier-Houeix-001-e1712227068678-1100x1100.jpg 1100w\" sizes=\"(max-width: 550px) 100vw, 550px\" \/><\/a><\/figure><div class=\"elementor-image-box-content\"><h3 class=\"elementor-image-box-title\"><a href=\"https:\/\/www.concours-de-jeunes-choregraphes.com\/en\/edition-2016\/\">2016 edition<\/a><\/h3><p class=\"elementor-image-box-description\">Final in Biarritz<\/p><\/div><\/div>\t\t\t\t<\/div>\n\t\t\t\t<\/div>\n\t\t\t\t\t<\/div>\n\t\t<\/div>\n\t\t\t\t\t<\/div>\n\t\t<\/section>\n\t\t\t\t\t<\/div>\n\t\t<\/div>\n\t\t\t\t\t<\/div>\n\t\t<\/section>\n\t\t\t\t<section class=\"elementor-section elementor-top-section elementor-element elementor-element-8878449 elementor-section-boxed elementor-section-height-default elementor-section-height-default\" data-id=\"8878449\" data-element_type=\"section\" data-settings=\"{&quot;jet_parallax_layout_list&quot;:[]}\">\n\t\t\t\t\t\t<div class=\"elementor-container elementor-column-gap-default\">\n\t\t\t\t\t<div class=\"elementor-column elementor-col-100 elementor-top-column elementor-element elementor-element-73206b8\" data-id=\"73206b8\" data-element_type=\"column\">\n\t\t\t<div class=\"elementor-widget-wrap elementor-element-populated\">\n\t\t\t\t\t\t<div class=\"elementor-element elementor-element-29cb734 elementor-align-center elementor-widget elementor-widget-button\" data-id=\"29cb734\" data-element_type=\"widget\" data-widget_type=\"button.default\">\n\t\t\t\t<div class=\"elementor-widget-container\">\n\t\t\t\t\t\t\t\t\t<div class=\"elementor-button-wrapper\">\n\t\t\t\t\t<a class=\"elementor-button elementor-button-link elementor-size-sm\" href=\"https:\/\/www.concours-de-jeunes-choregraphes.com\/en\/formulaire-de-participation\/\">\n\t\t\t\t\t\t<span class=\"elementor-button-content-wrapper\">\n\t\t\t\t\t\t\t\t\t<span class=\"elementor-button-text\">PARTICIPATE<\/span>\n\t\t\t\t\t<\/span>\n\t\t\t\t\t<\/a>\n\t\t\t\t<\/div>\n\t\t\t\t\t\t\t\t<\/div>\n\t\t\t\t<\/div>\n\t\t\t\t\t<\/div>\n\t\t<\/div>\n\t\t\t\t\t<\/div>\n\t\t<\/section>\n\t\t\t\t<section class=\"elementor-section elementor-top-section elementor-element elementor-element-8c1cac9 elementor-section-boxed elementor-section-height-default elementor-section-height-default\" data-id=\"8c1cac9\" data-element_type=\"section\" data-settings=\"{&quot;jet_parallax_layout_list&quot;:[]}\">\n\t\t\t\t\t\t<div class=\"elementor-container elementor-column-gap-default\">\n\t\t\t\t\t<div class=\"elementor-column elementor-col-100 elementor-top-column elementor-element elementor-element-354b783\" data-id=\"354b783\" data-element_type=\"column\">\n\t\t\t<div class=\"elementor-widget-wrap elementor-element-populated\">\n\t\t\t\t\t\t<div class=\"elementor-element elementor-element-7e00297 elementor-widget elementor-widget-spacer\" data-id=\"7e00297\" data-element_type=\"widget\" data-widget_type=\"spacer.default\">\n\t\t\t\t<div class=\"elementor-widget-container\">\n\t\t\t\t\t\t\t<div class=\"elementor-spacer\">\n\t\t\t<div class=\"elementor-spacer-inner\"><\/div>\n\t\t<\/div>\n\t\t\t\t\t\t<\/div>\n\t\t\t\t<\/div>\n\t\t\t\t\t<\/div>\n\t\t<\/div>\n\t\t\t\t\t<\/div>\n\t\t<\/section>\n\t\t\t\t<\/div>","protected":false},"excerpt":{"rendered":"<p>\u00c9DITIONS PR\u00c9C\u00c9DENTES Edition 2024 Finale \u00e0 Biarritz Edition 2022 Finale \u00e0 Biarritz Edition 2018 Finale \u00e0 Bordeaux Edition 2016 Finale \u00e0 Biarritz PARTICIPER<\/p>","protected":false},"author":1,"featured_media":0,"parent":0,"menu_order":0,"comment_status":"closed","ping_status":"closed","template":"elementor_header_footer","meta":{"footnotes":""},"class_list":["post-1376","page","type-page","status-publish","hentry"],"yoast_head":"<!-- This site is optimized with the Yoast SEO plugin v26.1 - https:\/\/yoast.com\/wordpress\/plugins\/seo\/ -->\n<title>EDITIONS PRECEDENTES - Concours de jeunes choregraphes<\/title>\n<meta name=\"robots\" content=\"index, follow, max-snippet:-1, max-image-preview:large, max-video-preview:-1\" \/>\n<link rel=\"canonical\" href=\"https:\/\/www.concours-de-jeunes-choregraphes.com\/en\/editions-precedentes\/\" \/>\n<meta property=\"og:locale\" content=\"en_GB\" \/>\n<meta property=\"og:type\" content=\"article\" \/>\n<meta property=\"og:title\" content=\"EDITIONS PRECEDENTES - Concours de jeunes choregraphes\" \/>\n<meta property=\"og:description\" content=\"\u00c9DITIONS PR\u00c9C\u00c9DENTES Edition 2024 Finale \u00e0 Biarritz Edition 2022 Finale \u00e0 Biarritz Edition 2018 Finale \u00e0 Bordeaux Edition 2016 Finale \u00e0 Biarritz PARTICIPER\" \/>\n<meta property=\"og:url\" content=\"https:\/\/www.concours-de-jeunes-choregraphes.com\/en\/editions-precedentes\/\" \/>\n<meta property=\"og:site_name\" content=\"Concours de jeunes choregraphes\" \/>\n<meta property=\"article:modified_time\" content=\"2024-09-25T08:21:28+00:00\" \/>\n<meta property=\"og:image\" content=\"https:\/\/www.concours-de-jeunes-choregraphes.com\/wp-content\/uploads\/2024\/06\/photos_concours_07-550x550.jpg\" \/>\n<meta name=\"twitter:card\" content=\"summary_large_image\" \/>\n<meta name=\"twitter:label1\" content=\"Estimated reading time\" \/>\n\t<meta name=\"twitter:data1\" content=\"2 minutes\" \/>\n<script type=\"application\/ld+json\" class=\"yoast-schema-graph\">{\"@context\":\"https:\/\/schema.org\",\"@graph\":[{\"@type\":\"WebPage\",\"@id\":\"https:\/\/www.concours-de-jeunes-choregraphes.com\/editions-precedentes\/\",\"url\":\"https:\/\/www.concours-de-jeunes-choregraphes.com\/editions-precedentes\/\",\"name\":\"EDITIONS PRECEDENTES - Concours de jeunes choregraphes\",\"isPartOf\":{\"@id\":\"https:\/\/www.concours-de-jeunes-choregraphes.com\/#website\"},\"primaryImageOfPage\":{\"@id\":\"https:\/\/www.concours-de-jeunes-choregraphes.com\/editions-precedentes\/#primaryimage\"},\"image\":{\"@id\":\"https:\/\/www.concours-de-jeunes-choregraphes.com\/editions-precedentes\/#primaryimage\"},\"thumbnailUrl\":\"https:\/\/www.concours-de-jeunes-choregraphes.com\/wp-content\/uploads\/2024\/06\/photos_concours_07-550x550.jpg\",\"datePublished\":\"2024-03-05T03:42:51+00:00\",\"dateModified\":\"2024-09-25T08:21:28+00:00\",\"breadcrumb\":{\"@id\":\"https:\/\/www.concours-de-jeunes-choregraphes.com\/editions-precedentes\/#breadcrumb\"},\"inLanguage\":\"en-GB\",\"potentialAction\":[{\"@type\":\"ReadAction\",\"target\":[\"https:\/\/www.concours-de-jeunes-choregraphes.com\/editions-precedentes\/\"]}]},{\"@type\":\"ImageObject\",\"inLanguage\":\"en-GB\",\"@id\":\"https:\/\/www.concours-de-jeunes-choregraphes.com\/editions-precedentes\/#primaryimage\",\"url\":\"https:\/\/www.concours-de-jeunes-choregraphes.com\/wp-content\/uploads\/2024\/06\/photos_concours_07-550x550.jpg\",\"contentUrl\":\"https:\/\/www.concours-de-jeunes-choregraphes.com\/wp-content\/uploads\/2024\/06\/photos_concours_07-550x550.jpg\"},{\"@type\":\"BreadcrumbList\",\"@id\":\"https:\/\/www.concours-de-jeunes-choregraphes.com\/editions-precedentes\/#breadcrumb\",\"itemListElement\":[{\"@type\":\"ListItem\",\"position\":1,\"name\":\"Accueil\",\"item\":\"https:\/\/www.concours-de-jeunes-choregraphes.com\/\"},{\"@type\":\"ListItem\",\"position\":2,\"name\":\"EDITIONS PRECEDENTES\"}]},{\"@type\":\"WebSite\",\"@id\":\"https:\/\/www.concours-de-jeunes-choregraphes.com\/#website\",\"url\":\"https:\/\/www.concours-de-jeunes-choregraphes.com\/\",\"name\":\"Concours de jeunes choregraphes\",\"description\":\"\",\"publisher\":{\"@id\":\"https:\/\/www.concours-de-jeunes-choregraphes.com\/#organization\"},\"potentialAction\":[{\"@type\":\"SearchAction\",\"target\":{\"@type\":\"EntryPoint\",\"urlTemplate\":\"https:\/\/www.concours-de-jeunes-choregraphes.com\/?s={search_term_string}\"},\"query-input\":{\"@type\":\"PropertyValueSpecification\",\"valueRequired\":true,\"valueName\":\"search_term_string\"}}],\"inLanguage\":\"en-GB\"},{\"@type\":\"Organization\",\"@id\":\"https:\/\/www.concours-de-jeunes-choregraphes.com\/#organization\",\"name\":\"Concours de jeunes choregraphes\",\"url\":\"https:\/\/www.concours-de-jeunes-choregraphes.com\/\",\"logo\":{\"@type\":\"ImageObject\",\"inLanguage\":\"en-GB\",\"@id\":\"https:\/\/www.concours-de-jeunes-choregraphes.com\/#\/schema\/logo\/image\/\",\"url\":\"https:\/\/www.concours-de-jeunes-choregraphes.com\/wp-content\/uploads\/2024\/06\/concours.jpg\",\"contentUrl\":\"https:\/\/www.concours-de-jeunes-choregraphes.com\/wp-content\/uploads\/2024\/06\/concours.jpg\",\"width\":1200,\"height\":675,\"caption\":\"Concours de jeunes choregraphes\"},\"image\":{\"@id\":\"https:\/\/www.concours-de-jeunes-choregraphes.com\/#\/schema\/logo\/image\/\"}}]}<\/script>\n<!-- \/ Yoast SEO plugin. -->","yoast_head_json":{"title":"EDITIONS PRECEDENTES - Concours de jeunes choregraphes","robots":{"index":"index","follow":"follow","max-snippet":"max-snippet:-1","max-image-preview":"max-image-preview:large","max-video-preview":"max-video-preview:-1"},"canonical":"https:\/\/www.concours-de-jeunes-choregraphes.com\/en\/editions-precedentes\/","og_locale":"en_GB","og_type":"article","og_title":"EDITIONS PRECEDENTES - Concours de jeunes choregraphes","og_description":"\u00c9DITIONS PR\u00c9C\u00c9DENTES Edition 2024 Finale \u00e0 Biarritz Edition 2022 Finale \u00e0 Biarritz Edition 2018 Finale \u00e0 Bordeaux Edition 2016 Finale \u00e0 Biarritz PARTICIPER","og_url":"https:\/\/www.concours-de-jeunes-choregraphes.com\/en\/editions-precedentes\/","og_site_name":"Concours de jeunes choregraphes","article_modified_time":"2024-09-25T08:21:28+00:00","og_image":[{"url":"https:\/\/www.concours-de-jeunes-choregraphes.com\/wp-content\/uploads\/2024\/06\/photos_concours_07-550x550.jpg","type":"","width":"","height":""}],"twitter_card":"summary_large_image","twitter_misc":{"Estimated reading time":"2 minutes"},"schema":{"@context":"https:\/\/schema.org","@graph":[{"@type":"WebPage","@id":"https:\/\/www.concours-de-jeunes-choregraphes.com\/editions-precedentes\/","url":"https:\/\/www.concours-de-jeunes-choregraphes.com\/editions-precedentes\/","name":"EDITIONS PRECEDENTES - Concours de jeunes choregraphes","isPartOf":{"@id":"https:\/\/www.concours-de-jeunes-choregraphes.com\/#website"},"primaryImageOfPage":{"@id":"https:\/\/www.concours-de-jeunes-choregraphes.com\/editions-precedentes\/#primaryimage"},"image":{"@id":"https:\/\/www.concours-de-jeunes-choregraphes.com\/editions-precedentes\/#primaryimage"},"thumbnailUrl":"https:\/\/www.concours-de-jeunes-choregraphes.com\/wp-content\/uploads\/2024\/06\/photos_concours_07-550x550.jpg","datePublished":"2024-03-05T03:42:51+00:00","dateModified":"2024-09-25T08:21:28+00:00","breadcrumb":{"@id":"https:\/\/www.concours-de-jeunes-choregraphes.com\/editions-precedentes\/#breadcrumb"},"inLanguage":"en-GB","potentialAction":[{"@type":"ReadAction","target":["https:\/\/www.concours-de-jeunes-choregraphes.com\/editions-precedentes\/"]}]},{"@type":"ImageObject","inLanguage":"en-GB","@id":"https:\/\/www.concours-de-jeunes-choregraphes.com\/editions-precedentes\/#primaryimage","url":"https:\/\/www.concours-de-jeunes-choregraphes.com\/wp-content\/uploads\/2024\/06\/photos_concours_07-550x550.jpg","contentUrl":"https:\/\/www.concours-de-jeunes-choregraphes.com\/wp-content\/uploads\/2024\/06\/photos_concours_07-550x550.jpg"},{"@type":"BreadcrumbList","@id":"https:\/\/www.concours-de-jeunes-choregraphes.com\/editions-precedentes\/#breadcrumb","itemListElement":[{"@type":"ListItem","position":1,"name":"Accueil","item":"https:\/\/www.concours-de-jeunes-choregraphes.com\/"},{"@type":"ListItem","position":2,"name":"EDITIONS PRECEDENTES"}]},{"@type":"WebSite","@id":"https:\/\/www.concours-de-jeunes-choregraphes.com\/#website","url":"https:\/\/www.concours-de-jeunes-choregraphes.com\/","name":"Concours de jeunes choregraphes","description":"","publisher":{"@id":"https:\/\/www.concours-de-jeunes-choregraphes.com\/#organization"},"potentialAction":[{"@type":"SearchAction","target":{"@type":"EntryPoint","urlTemplate":"https:\/\/www.concours-de-jeunes-choregraphes.com\/?s={search_term_string}"},"query-input":{"@type":"PropertyValueSpecification","valueRequired":true,"valueName":"search_term_string"}}],"inLanguage":"en-GB"},{"@type":"Organization","@id":"https:\/\/www.concours-de-jeunes-choregraphes.com\/#organization","name":"Concours de jeunes choregraphes","url":"https:\/\/www.concours-de-jeunes-choregraphes.com\/","logo":{"@type":"ImageObject","inLanguage":"en-GB","@id":"https:\/\/www.concours-de-jeunes-choregraphes.com\/#\/schema\/logo\/image\/","url":"https:\/\/www.concours-de-jeunes-choregraphes.com\/wp-content\/uploads\/2024\/06\/concours.jpg","contentUrl":"https:\/\/www.concours-de-jeunes-choregraphes.com\/wp-content\/uploads\/2024\/06\/concours.jpg","width":1200,"height":675,"caption":"Concours de jeunes choregraphes"},"image":{"@id":"https:\/\/www.concours-de-jeunes-choregraphes.com\/#\/schema\/logo\/image\/"}}]}},"_links":{"self":[{"href":"https:\/\/www.concours-de-jeunes-choregraphes.com\/en\/wp-json\/wp\/v2\/pages\/1376","targetHints":{"allow":["GET"]}}],"collection":[{"href":"https:\/\/www.concours-de-jeunes-choregraphes.com\/en\/wp-json\/wp\/v2\/pages"}],"about":[{"href":"https:\/\/www.concours-de-jeunes-choregraphes.com\/en\/wp-json\/wp\/v2\/types\/page"}],"author":[{"embeddable":true,"href":"https:\/\/www.concours-de-jeunes-choregraphes.com\/en\/wp-json\/wp\/v2\/users\/1"}],"replies":[{"embeddable":true,"href":"https:\/\/www.concours-de-jeunes-choregraphes.com\/en\/wp-json\/wp\/v2\/comments?post=1376"}],"version-history":[{"count":96,"href":"https:\/\/www.concours-de-jeunes-choregraphes.com\/en\/wp-json\/wp\/v2\/pages\/1376\/revisions"}],"predecessor-version":[{"id":3516,"href":"https:\/\/www.concours-de-jeunes-choregraphes.com\/en\/wp-json\/wp\/v2\/pages\/1376\/revisions\/3516"}],"wp:attachment":[{"href":"https:\/\/www.concours-de-jeunes-choregraphes.com\/en\/wp-json\/wp\/v2\/media?parent=1376"}],"curies":[{"name":"wp","href":"https:\/\/api.w.org\/{rel}","templated":true}]}}