{"id":1770,"date":"2024-03-07T09:41:43","date_gmt":"2024-03-07T08:41:43","guid":{"rendered":"https:\/\/malandaincjc.greenshift.eu\/?page_id=1770"},"modified":"2024-04-05T10:42:12","modified_gmt":"2024-04-05T08:42:12","slug":"mentions-legales","status":"publish","type":"page","link":"https:\/\/www.concours-de-jeunes-choregraphes.com\/en\/mentions-legales\/","title":{"rendered":"Legal information"},"content":{"rendered":"<div data-elementor-type=\"wp-page\" data-elementor-id=\"1770\" class=\"elementor elementor-1770\" data-elementor-post-type=\"page\">\n\t\t\t\t\t\t<section class=\"elementor-section elementor-top-section elementor-element elementor-element-8f2bb00 elementor-section-boxed elementor-section-height-default elementor-section-height-default\" data-id=\"8f2bb00\" data-element_type=\"section\" data-settings=\"{&quot;jet_parallax_layout_list&quot;:[]}\">\n\t\t\t\t\t\t<div class=\"elementor-container elementor-column-gap-default\">\n\t\t\t\t\t<div class=\"elementor-column elementor-col-100 elementor-top-column elementor-element elementor-element-fd8e066\" data-id=\"fd8e066\" data-element_type=\"column\">\n\t\t\t<div class=\"elementor-widget-wrap elementor-element-populated\">\n\t\t\t\t\t\t<div class=\"elementor-element elementor-element-0714464 elementor-widget elementor-widget-heading\" data-id=\"0714464\" data-element_type=\"widget\" data-widget_type=\"heading.default\">\n\t\t\t\t<div class=\"elementor-widget-container\">\n\t\t\t\t\t<h2 class=\"elementor-heading-title elementor-size-default\">Mentions l\u00e9gales<\/h2>\t\t\t\t<\/div>\n\t\t\t\t<\/div>\n\t\t\t\t\t<\/div>\n\t\t<\/div>\n\t\t\t\t\t<\/div>\n\t\t<\/section>\n\t\t\t\t<section class=\"elementor-section elementor-top-section elementor-element elementor-element-38101fc elementor-section-boxed elementor-section-height-default elementor-section-height-default\" data-id=\"38101fc\" data-element_type=\"section\" data-settings=\"{&quot;jet_parallax_layout_list&quot;:[]}\">\n\t\t\t\t\t\t<div class=\"elementor-container elementor-column-gap-default\">\n\t\t\t\t\t<div class=\"elementor-column elementor-col-100 elementor-top-column elementor-element elementor-element-4da7e0e\" data-id=\"4da7e0e\" data-element_type=\"column\">\n\t\t\t<div class=\"elementor-widget-wrap elementor-element-populated\">\n\t\t\t\t\t\t<div class=\"elementor-element elementor-element-f7f45b2 elementor-widget elementor-widget-text-editor\" data-id=\"f7f45b2\" data-element_type=\"widget\" data-widget_type=\"text-editor.default\">\n\t\t\t\t<div class=\"elementor-widget-container\">\n\t\t\t\t\t\t\t\t\t<p>Le site accessible depuis l\u2019url www.concours-de-jeunes-choregraphes.com est la propri\u00e9t\u00e9 de L\u2019ASSOCIATION LOI 1901 \u00ab BALLET BIARRITZ\u00bb \/ Malandain Ballet Biarritz, Centre chor\u00e9graphique national d\u2019Aquitaine en Pyr\u00e9n\u00e9es Atlantiques,\u00a0<span style=\"background-color: #ffffff; color: #000000; font-family: 'Source Sans Pro'; letter-spacing: normal;\">N\u00b0 de SIRET 419 590 344 00018 \u2013 CODE APE 900 1Z, licences d\u2019Entrepreneur de Spectacles :<\/span><span style=\"background-color: #ffffff; color: #000000; font-family: 'Source Sans Pro'; letter-spacing: normal;\">\u00a0<\/span><span style=\"color: #000000; font-family: 'Source Sans Pro'; line-height: 30px; letter-spacing: 0px !important;\" data-markjs=\"true\">Licence<\/span><span style=\"background-color: #ffffff; color: #000000; font-family: 'Source Sans Pro'; letter-spacing: normal;\">s 2 \u2013 PLATESV-R-2021-009535 et 3 PLATESV-R-2021 009537.<br \/><\/span><span style=\"background-color: #ffffff; color: #000000; font-family: 'Source Sans Pro'; letter-spacing: normal;\">Si\u00e8ge social : Gare du Midi \u2013 23, avenue Foch \u2013 64200 BIARRITZ<\/span><\/p><p style=\"color: #000000; font-family: 'Source Sans Pro'; letter-spacing: normal; background-color: #ffffff;\">Responsable de la publication du site : Yves Kordian \u2013 Directeur d\u00e9l\u00e9gu\u00e9<\/p>\t\t\t\t\t\t\t\t<\/div>\n\t\t\t\t<\/div>\n\t\t\t\t\t<\/div>\n\t\t<\/div>\n\t\t\t\t\t<\/div>\n\t\t<\/section>\n\t\t\t\t<section class=\"elementor-section elementor-top-section elementor-element elementor-element-ac45ece elementor-section-boxed elementor-section-height-default elementor-section-height-default\" data-id=\"ac45ece\" data-element_type=\"section\" data-settings=\"{&quot;jet_parallax_layout_list&quot;:[]}\">\n\t\t\t\t\t\t<div class=\"elementor-container elementor-column-gap-default\">\n\t\t\t\t\t<div class=\"elementor-column elementor-col-100 elementor-top-column elementor-element elementor-element-01bfbab\" data-id=\"01bfbab\" data-element_type=\"column\">\n\t\t\t<div class=\"elementor-widget-wrap elementor-element-populated\">\n\t\t\t\t\t\t<div class=\"elementor-element elementor-element-01900d1 elementor-widget elementor-widget-text-editor\" data-id=\"01900d1\" data-element_type=\"widget\" data-widget_type=\"text-editor.default\">\n\t\t\t\t<div class=\"elementor-widget-container\">\n\t\t\t\t\t\t\t\t\t<p><b>Cr\u00e9dit<\/b><br>Conception graphique logo : Fr\u00e9d\u00e9ric N\u00e9ry, YOCOM www.yocom.fr<\/p>\n<p><b>D\u00e9veloppement<\/b><br><\/p><p><a href=\"https:\/\/www.helios-prod.fr\/\">H\u00e9lios Prod<\/a><br>www.helios-prod.fr<\/p>\n<p><b>Vid\u00e9os<\/b><br>Morgan Cr\u00e9a<br>www.morgancrea.net<\/p>\n<p><b>Photos<\/b><br><span style=\"background-color: rgb(255, 255, 255);\">Olivier Houeix, Yohan Terraza (\u00e9dition 2018)<\/span><br><\/p>\n<p><b>H\u00e9bergement<\/b><br>Greenshift<br>9, rue Campagne Premi\u00e8re<br>75014 Paris \/ France \u2013 www.greenshift.eu<\/p>\n<p><b>Droits de propri\u00e9t\u00e9 intellectuelle<\/b><br>Ce site doit \u00eatre consid\u00e9r\u00e9 comme un tout indissociable. Les informations y figurant sont r\u00e9serv\u00e9es \u00e0 un usage exclusif personnel et ne peuvent \u00eatre en tout ou partie ni reproduites, ni communiqu\u00e9es. Toute reproduction, repr\u00e9sentation ou diffusion, \u00e0 des fins autres que personnelles, en tout ou partie du contenu de ce site sur quelque support ou par tout proc\u00e9d\u00e9 que ce soit est interdit. Le non-respect de cette interdiction constitue une contrefa\u00e7on susceptible d\u2019engager la responsabilit\u00e9 civile et p\u00e9nale du contrefacteur.<\/p>\n<p>Il est strictement interdit d\u2019utiliser ou de reproduire le nom \u00ab Concours de jeunes chor\u00e9graphes \u00bb et ou son logo, seuls ou associ\u00e9s, \u00e0 quelque titre que ce soit, notamment \u00e0 des fins publicitaires, sans l\u2019accord pr\u00e9alable \u00e9crit de Malandain Ballet Biarritz.<\/p>\n<p>De plus toute reproduction, repr\u00e9sentation, utilisation, adaptation, modification, incorporation, traduction, commercialisation, partielles ou int\u00e9grales par quelque proc\u00e9d\u00e9 et sur quelque support que ce soit (papier, num\u00e9rique, \u2026) sont interdites, sans l\u2019autorisation \u00e9crite pr\u00e9alable de Malandain Ballet Biarritz, hormis les exceptions vis\u00e9es \u00e0 l\u2019article L 122.5 du Code de la Propri\u00e9t\u00e9 Intellectuelle, sous peine de constituer un d\u00e9lit de contrefa\u00e7on de droit d\u2019auteur et\/ou de dessins et mod\u00e8les et\/ou de marque, puni de deux ans d\u2019emprisonnement et de 150 000 \u20ac d\u2019amende.<\/p>\n<p><b>Protection des donn\u00e9es personnelles<\/b><br>Ce site est d\u00e9clar\u00e9 aupr\u00e8s de la Commission Nationale Informatique et Libert\u00e9s (CNIL \u2013 France) en application de la loi n\u00b078-17 du 6 janvier 1978 relative \u00e0 l\u2019informatique, aux fichiers et aux libert\u00e9s. La consultation du site www.concours-de-jeunes-choregraphes.com est possible sans que vous ayez \u00e0 r\u00e9v\u00e9ler votre identit\u00e9 ou toute autre information \u00e0 caract\u00e8re personnel vous concernant.<\/p>\n<p>Les informations nominatives communiqu\u00e9es \u00e0 l\u2019entit\u00e9 par les internautes sur ce site, par les formulaires ou questionnaires mis en ligne renseign\u00e9s par les internautes sont obligatoires pour leur traitement. Elles sont destin\u00e9es \u00e0 l\u2019entit\u00e9, ou \u00e0 ses sous-traitant et\/ou ses prestataires pour des besoins de gestion. Elles ne sont communiqu\u00e9es \u00e0 des tiers que pour satisfaire aux obligations l\u00e9gales et r\u00e9glementaires. En communiquant leur adresse e-mail, les internautes acceptent que l\u2019\u00e9diteur leur adresse des informations soit par t\u00e9l\u00e9phone, soit par e-mail.<\/p>\n<p>Le titulaire dispose d\u2019un droit d\u2019acc\u00e8s et de rectification pour toute information le concernant aupr\u00e8s de l\u2019\u00e9diteur. Sauf opposition du titulaire, la soci\u00e9t\u00e9 pourra \u00eatre conduite \u00e0 traiter ces informations (notamment par courrier \u00e9lectronique, t\u00e9l\u00e9phone,\u2026) \u00e0 son profit exclusif ou pour le compte de ses partenaires commerciaux dans le cadre d\u2019op\u00e9rations commerciales.<\/p>\n<p><b>S\u00e9curit\u00e9<\/b><br>Nous prenons toutes les pr\u00e9cautions utiles afin de pr\u00e9server l\u2019int\u00e9grit\u00e9 des donn\u00e9es, leur confidentialit\u00e9 et emp\u00eacher toute communication \u00e0 des tiers non autoris\u00e9s.<\/p>\n<p><b>Liens hypertextes<\/b><br>La mise en place d\u2019un lien hypertexte vers le site www.concours-de-jeunes-choregraphes.com ne n\u00e9cessite pas d\u2019autorisation pr\u00e9alable et \u00e9crite de Malandain Ballet Biarritz. N\u00e9anmoins, Malandain Ballet Biarritz doit en \u00eatre inform\u00e9 dans un d\u00e9lai maximum de 10 jours apr\u00e8s la mise en place du lien.<\/p>\n<p>En tout \u00e9tat de cause, Malandain Ballet Biarritz n\u2019est en aucun cas tenue responsable du contenu ainsi que des produits ou services propos\u00e9s sur les sites auxquels le site www.concours-de-jeunes-choregraphes.com se trouverait li\u00e9 par des liens hypertextes ou tout autre type de lien.<\/p>\n<p><b>Mise \u00e0 jour<\/b><br>Malandain Ballet Biarritz se r\u00e9serve le droit de modifier et de mettre \u00e0 jour, sans pr\u00e9avis, les pr\u00e9sentes mentions l\u00e9gales et tous les \u00e9l\u00e9ments, produits pr\u00e9sent\u00e9s sur le site. L\u2019ensemble de ces modifications s\u2019impose aux internautes qui doivent consulter les pr\u00e9sentes Conditions G\u00e9n\u00e9rales lors de chaque connexion.<\/p>\n<p><b>Donn\u00e9es statistiques d\u2019audience<\/b><br>Nous utilisons les donn\u00e9es de connexion pour nos statistiques de consultation (type de navigateur, nombre de visiteurs, rubriques visit\u00e9es\u2026) pour l\u2019optimisation de notre site en terme de rubriques et de navigation, mais ces informations ne sont pas transmises \u00e0 des tiers. Les cookies du site ne contiennent pas de donn\u00e9es permettant de vous identifier personnellement, et ils sont con\u00e7us pour \u00eatre utilis\u00e9s uniquement par le Malandain Ballet Biarritz.<\/p>\t\t\t\t\t\t\t\t<\/div>\n\t\t\t\t<\/div>\n\t\t\t\t\t<\/div>\n\t\t<\/div>\n\t\t\t\t\t<\/div>\n\t\t<\/section>\n\t\t\t\t<\/div>","protected":false},"excerpt":{"rendered":"<p>Mentions l\u00e9gales Le site accessible depuis l\u2019url www.concours-de-jeunes-choregraphes.com est la propri\u00e9t\u00e9 de L\u2019ASSOCIATION LOI 1901 \u00ab BALLET BIARRITZ\u00bb \/ Malandain Ballet Biarritz, Centre chor\u00e9graphique national d\u2019Aquitaine en Pyr\u00e9n\u00e9es Atlantiques,\u00a0N\u00b0 de SIRET 419 590 344 00018 \u2013 CODE APE 900 1Z, [&hellip;]<\/p>","protected":false},"author":1,"featured_media":0,"parent":0,"menu_order":0,"comment_status":"closed","ping_status":"closed","template":"","meta":{"footnotes":""},"class_list":["post-1770","page","type-page","status-publish","hentry"],"yoast_head":"<!-- This site is optimized with the Yoast SEO plugin v26.1 - https:\/\/yoast.com\/wordpress\/plugins\/seo\/ -->\n<title>Mentions L\u00e9gales - Concours de jeunes choregraphes<\/title>\n<meta name=\"robots\" content=\"index, follow, max-snippet:-1, max-image-preview:large, max-video-preview:-1\" \/>\n<link rel=\"canonical\" href=\"https:\/\/www.concours-de-jeunes-choregraphes.com\/en\/mentions-legales\/\" \/>\n<meta property=\"og:locale\" content=\"en_GB\" \/>\n<meta property=\"og:type\" content=\"article\" \/>\n<meta property=\"og:title\" content=\"Mentions L\u00e9gales - Concours de jeunes choregraphes\" \/>\n<meta property=\"og:description\" content=\"Mentions l\u00e9gales Le site accessible depuis l\u2019url www.concours-de-jeunes-choregraphes.com est la propri\u00e9t\u00e9 de L\u2019ASSOCIATION LOI 1901 \u00ab BALLET BIARRITZ\u00bb \/ Malandain Ballet Biarritz, Centre chor\u00e9graphique national d\u2019Aquitaine en Pyr\u00e9n\u00e9es Atlantiques,\u00a0N\u00b0 de SIRET 419 590 344 00018 \u2013 CODE APE 900 1Z, [&hellip;]\" \/>\n<meta property=\"og:url\" content=\"https:\/\/www.concours-de-jeunes-choregraphes.com\/en\/mentions-legales\/\" \/>\n<meta property=\"og:site_name\" content=\"Concours de jeunes choregraphes\" \/>\n<meta property=\"article:modified_time\" content=\"2024-04-05T08:42:12+00:00\" \/>\n<meta name=\"twitter:card\" content=\"summary_large_image\" \/>\n<meta name=\"twitter:label1\" content=\"Estimated reading time\" \/>\n\t<meta name=\"twitter:data1\" content=\"4 minutes\" \/>\n<script type=\"application\/ld+json\" class=\"yoast-schema-graph\">{\"@context\":\"https:\/\/schema.org\",\"@graph\":[{\"@type\":\"WebPage\",\"@id\":\"https:\/\/www.concours-de-jeunes-choregraphes.com\/mentions-legales\/\",\"url\":\"https:\/\/www.concours-de-jeunes-choregraphes.com\/mentions-legales\/\",\"name\":\"Mentions L\u00e9gales - Concours de jeunes choregraphes\",\"isPartOf\":{\"@id\":\"https:\/\/www.concours-de-jeunes-choregraphes.com\/#website\"},\"datePublished\":\"2024-03-07T08:41:43+00:00\",\"dateModified\":\"2024-04-05T08:42:12+00:00\",\"breadcrumb\":{\"@id\":\"https:\/\/www.concours-de-jeunes-choregraphes.com\/mentions-legales\/#breadcrumb\"},\"inLanguage\":\"en-GB\",\"potentialAction\":[{\"@type\":\"ReadAction\",\"target\":[\"https:\/\/www.concours-de-jeunes-choregraphes.com\/mentions-legales\/\"]}]},{\"@type\":\"BreadcrumbList\",\"@id\":\"https:\/\/www.concours-de-jeunes-choregraphes.com\/mentions-legales\/#breadcrumb\",\"itemListElement\":[{\"@type\":\"ListItem\",\"position\":1,\"name\":\"Accueil\",\"item\":\"https:\/\/www.concours-de-jeunes-choregraphes.com\/\"},{\"@type\":\"ListItem\",\"position\":2,\"name\":\"Mentions L\u00e9gales\"}]},{\"@type\":\"WebSite\",\"@id\":\"https:\/\/www.concours-de-jeunes-choregraphes.com\/#website\",\"url\":\"https:\/\/www.concours-de-jeunes-choregraphes.com\/\",\"name\":\"Concours de jeunes choregraphes\",\"description\":\"\",\"publisher\":{\"@id\":\"https:\/\/www.concours-de-jeunes-choregraphes.com\/#organization\"},\"potentialAction\":[{\"@type\":\"SearchAction\",\"target\":{\"@type\":\"EntryPoint\",\"urlTemplate\":\"https:\/\/www.concours-de-jeunes-choregraphes.com\/?s={search_term_string}\"},\"query-input\":{\"@type\":\"PropertyValueSpecification\",\"valueRequired\":true,\"valueName\":\"search_term_string\"}}],\"inLanguage\":\"en-GB\"},{\"@type\":\"Organization\",\"@id\":\"https:\/\/www.concours-de-jeunes-choregraphes.com\/#organization\",\"name\":\"Concours de jeunes choregraphes\",\"url\":\"https:\/\/www.concours-de-jeunes-choregraphes.com\/\",\"logo\":{\"@type\":\"ImageObject\",\"inLanguage\":\"en-GB\",\"@id\":\"https:\/\/www.concours-de-jeunes-choregraphes.com\/#\/schema\/logo\/image\/\",\"url\":\"https:\/\/www.concours-de-jeunes-choregraphes.com\/wp-content\/uploads\/2024\/06\/concours.jpg\",\"contentUrl\":\"https:\/\/www.concours-de-jeunes-choregraphes.com\/wp-content\/uploads\/2024\/06\/concours.jpg\",\"width\":1200,\"height\":675,\"caption\":\"Concours de jeunes choregraphes\"},\"image\":{\"@id\":\"https:\/\/www.concours-de-jeunes-choregraphes.com\/#\/schema\/logo\/image\/\"}}]}<\/script>\n<!-- \/ Yoast SEO plugin. -->","yoast_head_json":{"title":"Mentions L\u00e9gales - Concours de jeunes choregraphes","robots":{"index":"index","follow":"follow","max-snippet":"max-snippet:-1","max-image-preview":"max-image-preview:large","max-video-preview":"max-video-preview:-1"},"canonical":"https:\/\/www.concours-de-jeunes-choregraphes.com\/en\/mentions-legales\/","og_locale":"en_GB","og_type":"article","og_title":"Mentions L\u00e9gales - Concours de jeunes choregraphes","og_description":"Mentions l\u00e9gales Le site accessible depuis l\u2019url www.concours-de-jeunes-choregraphes.com est la propri\u00e9t\u00e9 de L\u2019ASSOCIATION LOI 1901 \u00ab BALLET BIARRITZ\u00bb \/ Malandain Ballet Biarritz, Centre chor\u00e9graphique national d\u2019Aquitaine en Pyr\u00e9n\u00e9es Atlantiques,\u00a0N\u00b0 de SIRET 419 590 344 00018 \u2013 CODE APE 900 1Z, [&hellip;]","og_url":"https:\/\/www.concours-de-jeunes-choregraphes.com\/en\/mentions-legales\/","og_site_name":"Concours de jeunes choregraphes","article_modified_time":"2024-04-05T08:42:12+00:00","twitter_card":"summary_large_image","twitter_misc":{"Estimated reading time":"4 minutes"},"schema":{"@context":"https:\/\/schema.org","@graph":[{"@type":"WebPage","@id":"https:\/\/www.concours-de-jeunes-choregraphes.com\/mentions-legales\/","url":"https:\/\/www.concours-de-jeunes-choregraphes.com\/mentions-legales\/","name":"Mentions L\u00e9gales - Concours de jeunes choregraphes","isPartOf":{"@id":"https:\/\/www.concours-de-jeunes-choregraphes.com\/#website"},"datePublished":"2024-03-07T08:41:43+00:00","dateModified":"2024-04-05T08:42:12+00:00","breadcrumb":{"@id":"https:\/\/www.concours-de-jeunes-choregraphes.com\/mentions-legales\/#breadcrumb"},"inLanguage":"en-GB","potentialAction":[{"@type":"ReadAction","target":["https:\/\/www.concours-de-jeunes-choregraphes.com\/mentions-legales\/"]}]},{"@type":"BreadcrumbList","@id":"https:\/\/www.concours-de-jeunes-choregraphes.com\/mentions-legales\/#breadcrumb","itemListElement":[{"@type":"ListItem","position":1,"name":"Accueil","item":"https:\/\/www.concours-de-jeunes-choregraphes.com\/"},{"@type":"ListItem","position":2,"name":"Mentions L\u00e9gales"}]},{"@type":"WebSite","@id":"https:\/\/www.concours-de-jeunes-choregraphes.com\/#website","url":"https:\/\/www.concours-de-jeunes-choregraphes.com\/","name":"Concours de jeunes choregraphes","description":"","publisher":{"@id":"https:\/\/www.concours-de-jeunes-choregraphes.com\/#organization"},"potentialAction":[{"@type":"SearchAction","target":{"@type":"EntryPoint","urlTemplate":"https:\/\/www.concours-de-jeunes-choregraphes.com\/?s={search_term_string}"},"query-input":{"@type":"PropertyValueSpecification","valueRequired":true,"valueName":"search_term_string"}}],"inLanguage":"en-GB"},{"@type":"Organization","@id":"https:\/\/www.concours-de-jeunes-choregraphes.com\/#organization","name":"Concours de jeunes choregraphes","url":"https:\/\/www.concours-de-jeunes-choregraphes.com\/","logo":{"@type":"ImageObject","inLanguage":"en-GB","@id":"https:\/\/www.concours-de-jeunes-choregraphes.com\/#\/schema\/logo\/image\/","url":"https:\/\/www.concours-de-jeunes-choregraphes.com\/wp-content\/uploads\/2024\/06\/concours.jpg","contentUrl":"https:\/\/www.concours-de-jeunes-choregraphes.com\/wp-content\/uploads\/2024\/06\/concours.jpg","width":1200,"height":675,"caption":"Concours de jeunes choregraphes"},"image":{"@id":"https:\/\/www.concours-de-jeunes-choregraphes.com\/#\/schema\/logo\/image\/"}}]}},"_links":{"self":[{"href":"https:\/\/www.concours-de-jeunes-choregraphes.com\/en\/wp-json\/wp\/v2\/pages\/1770","targetHints":{"allow":["GET"]}}],"collection":[{"href":"https:\/\/www.concours-de-jeunes-choregraphes.com\/en\/wp-json\/wp\/v2\/pages"}],"about":[{"href":"https:\/\/www.concours-de-jeunes-choregraphes.com\/en\/wp-json\/wp\/v2\/types\/page"}],"author":[{"embeddable":true,"href":"https:\/\/www.concours-de-jeunes-choregraphes.com\/en\/wp-json\/wp\/v2\/users\/1"}],"replies":[{"embeddable":true,"href":"https:\/\/www.concours-de-jeunes-choregraphes.com\/en\/wp-json\/wp\/v2\/comments?post=1770"}],"version-history":[{"count":13,"href":"https:\/\/www.concours-de-jeunes-choregraphes.com\/en\/wp-json\/wp\/v2\/pages\/1770\/revisions"}],"predecessor-version":[{"id":2596,"href":"https:\/\/www.concours-de-jeunes-choregraphes.com\/en\/wp-json\/wp\/v2\/pages\/1770\/revisions\/2596"}],"wp:attachment":[{"href":"https:\/\/www.concours-de-jeunes-choregraphes.com\/en\/wp-json\/wp\/v2\/media?parent=1770"}],"curies":[{"name":"wp","href":"https:\/\/api.w.org\/{rel}","templated":true}]}}