{"id":2028,"date":"2024-04-03T12:36:18","date_gmt":"2024-04-03T10:36:18","guid":{"rendered":"https:\/\/malandaincjc.greenshift.eu\/?page_id=2028"},"modified":"2024-04-17T14:22:22","modified_gmt":"2024-04-17T12:22:22","slug":"benoitfavre","status":"publish","type":"page","link":"https:\/\/www.concours-de-jeunes-choregraphes.com\/en\/editions-2026\/benoitfavre\/","title":{"rendered":"Benoit Favre"},"content":{"rendered":"<div data-elementor-type=\"wp-page\" data-elementor-id=\"2028\" class=\"elementor elementor-2028\" data-elementor-post-type=\"page\">\n\t\t\t\t\t\t<section class=\"elementor-section elementor-top-section elementor-element elementor-element-513b7f2 elementor-section-boxed elementor-section-height-default elementor-section-height-default\" data-id=\"513b7f2\" data-element_type=\"section\" data-settings=\"{&quot;jet_parallax_layout_list&quot;:[],&quot;background_background&quot;:&quot;classic&quot;}\">\n\t\t\t\t\t\t<div class=\"elementor-container elementor-column-gap-default\">\n\t\t\t\t\t<div class=\"elementor-column elementor-col-100 elementor-top-column elementor-element elementor-element-0404be0\" data-id=\"0404be0\" data-element_type=\"column\">\n\t\t\t<div class=\"elementor-widget-wrap\">\n\t\t\t\t\t\t\t<\/div>\n\t\t<\/div>\n\t\t\t\t\t<\/div>\n\t\t<\/section>\n\t\t\t\t<section class=\"elementor-section elementor-top-section elementor-element elementor-element-5baade2 elementor-section-boxed elementor-section-height-default elementor-section-height-default\" data-id=\"5baade2\" data-element_type=\"section\" data-settings=\"{&quot;jet_parallax_layout_list&quot;:[]}\">\n\t\t\t\t\t\t<div class=\"elementor-container elementor-column-gap-default\">\n\t\t\t\t\t<div class=\"elementor-column elementor-col-100 elementor-top-column elementor-element elementor-element-b2aa2b1\" data-id=\"b2aa2b1\" data-element_type=\"column\">\n\t\t\t<div class=\"elementor-widget-wrap elementor-element-populated\">\n\t\t\t\t\t\t<div class=\"elementor-element elementor-element-f5beb95 elementor-widget elementor-widget-heading\" data-id=\"f5beb95\" data-element_type=\"widget\" data-widget_type=\"heading.default\">\n\t\t\t\t<div class=\"elementor-widget-container\">\n\t\t\t\t\t<h3 class=\"elementor-heading-title elementor-size-default\">Benoit Favre<\/h3>\t\t\t\t<\/div>\n\t\t\t\t<\/div>\n\t\t\t\t<div class=\"elementor-element elementor-element-dc21ee9 elementor-widget elementor-widget-heading\" data-id=\"dc21ee9\" data-element_type=\"widget\" data-widget_type=\"heading.default\">\n\t\t\t\t<div class=\"elementor-widget-container\">\n\t\t\t\t\t<h4 class=\"elementor-heading-title elementor-size-default\">Swiss, 30 years old<\/h4>\t\t\t\t<\/div>\n\t\t\t\t<\/div>\n\t\t\t\t\t<\/div>\n\t\t<\/div>\n\t\t\t\t\t<\/div>\n\t\t<\/section>\n\t\t\t\t<section class=\"elementor-section elementor-top-section elementor-element elementor-element-302ad74 elementor-section-boxed elementor-section-height-default elementor-section-height-default\" data-id=\"302ad74\" data-element_type=\"section\" data-settings=\"{&quot;jet_parallax_layout_list&quot;:[]}\">\n\t\t\t\t\t\t<div class=\"elementor-container elementor-column-gap-default\">\n\t\t\t\t\t<div class=\"elementor-column elementor-col-50 elementor-top-column elementor-element elementor-element-a08a879\" data-id=\"a08a879\" data-element_type=\"column\">\n\t\t\t<div class=\"elementor-widget-wrap elementor-element-populated\">\n\t\t\t\t\t\t<div class=\"elementor-element elementor-element-2e4203f elementor-widget elementor-widget-image\" data-id=\"2e4203f\" data-element_type=\"widget\" data-widget_type=\"image.default\">\n\t\t\t\t<div class=\"elementor-widget-container\">\n\t\t\t\t\t\t\t\t\t\t\t\t\t\t\t<img fetchpriority=\"high\" decoding=\"async\" width=\"550\" height=\"550\" src=\"https:\/\/www.concours-de-jeunes-choregraphes.com\/wp-content\/uploads\/2024\/04\/benoit-550x550.jpg\" class=\"attachment-bard_mikado_square size-bard_mikado_square wp-image-2537\" alt=\"\" srcset=\"https:\/\/www.concours-de-jeunes-choregraphes.com\/wp-content\/uploads\/2024\/04\/benoit-550x550.jpg 550w, https:\/\/www.concours-de-jeunes-choregraphes.com\/wp-content\/uploads\/2024\/04\/benoit-300x300.jpg 300w, https:\/\/www.concours-de-jeunes-choregraphes.com\/wp-content\/uploads\/2024\/04\/benoit-1024x1024.jpg 1024w, https:\/\/www.concours-de-jeunes-choregraphes.com\/wp-content\/uploads\/2024\/04\/benoit-150x150.jpg 150w, https:\/\/www.concours-de-jeunes-choregraphes.com\/wp-content\/uploads\/2024\/04\/benoit-768x768.jpg 768w, https:\/\/www.concours-de-jeunes-choregraphes.com\/wp-content\/uploads\/2024\/04\/benoit-12x12.jpg 12w, https:\/\/www.concours-de-jeunes-choregraphes.com\/wp-content\/uploads\/2024\/04\/benoit.jpg 1080w\" sizes=\"(max-width: 550px) 100vw, 550px\" \/>\t\t\t\t\t\t\t\t\t\t\t\t\t\t\t<\/div>\n\t\t\t\t<\/div>\n\t\t\t\t\t<\/div>\n\t\t<\/div>\n\t\t\t\t<div class=\"elementor-column elementor-col-50 elementor-top-column elementor-element elementor-element-1913b6f\" data-id=\"1913b6f\" data-element_type=\"column\">\n\t\t\t<div class=\"elementor-widget-wrap elementor-element-populated\">\n\t\t\t\t\t\t<div class=\"elementor-element elementor-element-08ed761 elementor-widget elementor-widget-text-editor\" data-id=\"08ed761\" data-element_type=\"widget\" data-widget_type=\"text-editor.default\">\n\t\t\t\t<div class=\"elementor-widget-container\">\n\t\t\t\t\t\t\t\t\t<p>Beno\u00eet is a Swiss-born dancer who graduated from the Tanzakademie Z\u00fcrich in 2012. During his studies, he won several prizes and was a finalist at the prestigious Prix de Lausanne. Beno\u00eet then joined Ballett Z\u00fcrich and worked with renowned choreographers such as Jiri Kylian, William Forsythe, and Christian Spuck. In 2017, Beno\u00eet joined the Finnish National Ballet in Helsinki, where he performed many solo roles in classical, neoclassical, and contemporary works. Two years later, he became a soloist at the Staatstheater N\u00fcrnberg, where he played leading roles in Goyo Montero\u2019s productions. Throughout his career, Beno\u00eet has also demonstrated his talents as a choreographer, winning the gold medal for choreography at Tanzolymp Berlin in 2015. He went on to create works for several companies, including the Ballett Z\u00fcrich, the Bayerisches Staatsballett, the Stanislavsky Ballett, and the junior company of the Finnish National Ballet. At the end of 2020, Beno\u00eet decided to retire from his successful dance career. However, he continues to share his passion for dance through teaching and choreographing.\u00a0<\/p>\t\t\t\t\t\t\t\t<\/div>\n\t\t\t\t<\/div>\n\t\t\t\t\t<\/div>\n\t\t<\/div>\n\t\t\t\t\t<\/div>\n\t\t<\/section>\n\t\t\t\t<\/div>","protected":false},"excerpt":{"rendered":"<p>Benoit Favre Suisse, 30 ans Benoit est un danseur suisse, dipl\u00f4m\u00e9 de la Tanzakademie Z\u00fcrich. Au cours de ses \u00e9tudes, il a remport\u00e9 de nombreux prix et a \u00e9t\u00e9 finaliste du prestigieux Prix de Lausanne. Beno\u00eet a rejoint le Ballett [&hellip;]<\/p>","protected":false},"author":3,"featured_media":0,"parent":1454,"menu_order":0,"comment_status":"closed","ping_status":"closed","template":"elementor_header_footer","meta":{"footnotes":""},"class_list":["post-2028","page","type-page","status-publish","hentry"],"yoast_head":"<!-- This site is optimized with the Yoast SEO plugin v26.1 - https:\/\/yoast.com\/wordpress\/plugins\/seo\/ -->\n<title>Benoit Favre - Concours de jeunes choregraphes<\/title>\n<meta name=\"robots\" content=\"index, follow, max-snippet:-1, max-image-preview:large, max-video-preview:-1\" \/>\n<link rel=\"canonical\" href=\"https:\/\/www.concours-de-jeunes-choregraphes.com\/en\/editions-2026\/benoitfavre\/\" \/>\n<meta property=\"og:locale\" content=\"en_GB\" \/>\n<meta property=\"og:type\" content=\"article\" \/>\n<meta property=\"og:title\" content=\"Benoit Favre - Concours de jeunes choregraphes\" \/>\n<meta property=\"og:description\" content=\"Benoit Favre Suisse, 30 ans Benoit est un danseur suisse, dipl\u00f4m\u00e9 de la Tanzakademie Z\u00fcrich. Au cours de ses \u00e9tudes, il a remport\u00e9 de nombreux prix et a \u00e9t\u00e9 finaliste du prestigieux Prix de Lausanne. Beno\u00eet a rejoint le Ballett [&hellip;]\" \/>\n<meta property=\"og:url\" content=\"https:\/\/www.concours-de-jeunes-choregraphes.com\/en\/editions-2026\/benoitfavre\/\" \/>\n<meta property=\"og:site_name\" content=\"Concours de jeunes choregraphes\" \/>\n<meta property=\"article:modified_time\" content=\"2024-04-17T12:22:22+00:00\" \/>\n<meta property=\"og:image\" content=\"https:\/\/malandaincjc.greenshift.eu\/wp-content\/uploads\/2024\/04\/benoit-550x550.jpg\" \/>\n<meta name=\"twitter:card\" content=\"summary_large_image\" \/>\n<meta name=\"twitter:label1\" content=\"Estimated reading time\" \/>\n\t<meta name=\"twitter:data1\" content=\"1 minute\" \/>\n<script type=\"application\/ld+json\" class=\"yoast-schema-graph\">{\"@context\":\"https:\/\/schema.org\",\"@graph\":[{\"@type\":\"WebPage\",\"@id\":\"https:\/\/www.concours-de-jeunes-choregraphes.com\/editions-2026\/benoitfavre\/\",\"url\":\"https:\/\/www.concours-de-jeunes-choregraphes.com\/editions-2026\/benoitfavre\/\",\"name\":\"Benoit Favre - Concours de jeunes choregraphes\",\"isPartOf\":{\"@id\":\"https:\/\/www.concours-de-jeunes-choregraphes.com\/#website\"},\"primaryImageOfPage\":{\"@id\":\"https:\/\/www.concours-de-jeunes-choregraphes.com\/editions-2026\/benoitfavre\/#primaryimage\"},\"image\":{\"@id\":\"https:\/\/www.concours-de-jeunes-choregraphes.com\/editions-2026\/benoitfavre\/#primaryimage\"},\"thumbnailUrl\":\"https:\/\/malandaincjc.greenshift.eu\/wp-content\/uploads\/2024\/04\/benoit-550x550.jpg\",\"datePublished\":\"2024-04-03T10:36:18+00:00\",\"dateModified\":\"2024-04-17T12:22:22+00:00\",\"breadcrumb\":{\"@id\":\"https:\/\/www.concours-de-jeunes-choregraphes.com\/editions-2026\/benoitfavre\/#breadcrumb\"},\"inLanguage\":\"en-GB\",\"potentialAction\":[{\"@type\":\"ReadAction\",\"target\":[\"https:\/\/www.concours-de-jeunes-choregraphes.com\/editions-2026\/benoitfavre\/\"]}]},{\"@type\":\"ImageObject\",\"inLanguage\":\"en-GB\",\"@id\":\"https:\/\/www.concours-de-jeunes-choregraphes.com\/editions-2026\/benoitfavre\/#primaryimage\",\"url\":\"https:\/\/malandaincjc.greenshift.eu\/wp-content\/uploads\/2024\/04\/benoit-550x550.jpg\",\"contentUrl\":\"https:\/\/malandaincjc.greenshift.eu\/wp-content\/uploads\/2024\/04\/benoit-550x550.jpg\"},{\"@type\":\"BreadcrumbList\",\"@id\":\"https:\/\/www.concours-de-jeunes-choregraphes.com\/editions-2026\/benoitfavre\/#breadcrumb\",\"itemListElement\":[{\"@type\":\"ListItem\",\"position\":1,\"name\":\"Accueil\",\"item\":\"https:\/\/www.concours-de-jeunes-choregraphes.com\/\"},{\"@type\":\"ListItem\",\"position\":2,\"name\":\"\u00c9dition 2026\",\"item\":\"https:\/\/www.concours-de-jeunes-choregraphes.com\/editions-2026\/\"},{\"@type\":\"ListItem\",\"position\":3,\"name\":\"Benoit Favre\"}]},{\"@type\":\"WebSite\",\"@id\":\"https:\/\/www.concours-de-jeunes-choregraphes.com\/#website\",\"url\":\"https:\/\/www.concours-de-jeunes-choregraphes.com\/\",\"name\":\"Concours de jeunes choregraphes\",\"description\":\"\",\"publisher\":{\"@id\":\"https:\/\/www.concours-de-jeunes-choregraphes.com\/#organization\"},\"potentialAction\":[{\"@type\":\"SearchAction\",\"target\":{\"@type\":\"EntryPoint\",\"urlTemplate\":\"https:\/\/www.concours-de-jeunes-choregraphes.com\/?s={search_term_string}\"},\"query-input\":{\"@type\":\"PropertyValueSpecification\",\"valueRequired\":true,\"valueName\":\"search_term_string\"}}],\"inLanguage\":\"en-GB\"},{\"@type\":\"Organization\",\"@id\":\"https:\/\/www.concours-de-jeunes-choregraphes.com\/#organization\",\"name\":\"Concours de jeunes choregraphes\",\"url\":\"https:\/\/www.concours-de-jeunes-choregraphes.com\/\",\"logo\":{\"@type\":\"ImageObject\",\"inLanguage\":\"en-GB\",\"@id\":\"https:\/\/www.concours-de-jeunes-choregraphes.com\/#\/schema\/logo\/image\/\",\"url\":\"https:\/\/www.concours-de-jeunes-choregraphes.com\/wp-content\/uploads\/2024\/06\/concours.jpg\",\"contentUrl\":\"https:\/\/www.concours-de-jeunes-choregraphes.com\/wp-content\/uploads\/2024\/06\/concours.jpg\",\"width\":1200,\"height\":675,\"caption\":\"Concours de jeunes choregraphes\"},\"image\":{\"@id\":\"https:\/\/www.concours-de-jeunes-choregraphes.com\/#\/schema\/logo\/image\/\"}}]}<\/script>\n<!-- \/ Yoast SEO plugin. -->","yoast_head_json":{"title":"Benoit Favre - Concours de jeunes choregraphes","robots":{"index":"index","follow":"follow","max-snippet":"max-snippet:-1","max-image-preview":"max-image-preview:large","max-video-preview":"max-video-preview:-1"},"canonical":"https:\/\/www.concours-de-jeunes-choregraphes.com\/en\/editions-2026\/benoitfavre\/","og_locale":"en_GB","og_type":"article","og_title":"Benoit Favre - Concours de jeunes choregraphes","og_description":"Benoit Favre Suisse, 30 ans Benoit est un danseur suisse, dipl\u00f4m\u00e9 de la Tanzakademie Z\u00fcrich. Au cours de ses \u00e9tudes, il a remport\u00e9 de nombreux prix et a \u00e9t\u00e9 finaliste du prestigieux Prix de Lausanne. Beno\u00eet a rejoint le Ballett [&hellip;]","og_url":"https:\/\/www.concours-de-jeunes-choregraphes.com\/en\/editions-2026\/benoitfavre\/","og_site_name":"Concours de jeunes choregraphes","article_modified_time":"2024-04-17T12:22:22+00:00","og_image":[{"url":"https:\/\/malandaincjc.greenshift.eu\/wp-content\/uploads\/2024\/04\/benoit-550x550.jpg","type":"","width":"","height":""}],"twitter_card":"summary_large_image","twitter_misc":{"Estimated reading time":"1 minute"},"schema":{"@context":"https:\/\/schema.org","@graph":[{"@type":"WebPage","@id":"https:\/\/www.concours-de-jeunes-choregraphes.com\/editions-2026\/benoitfavre\/","url":"https:\/\/www.concours-de-jeunes-choregraphes.com\/editions-2026\/benoitfavre\/","name":"Benoit Favre - Concours de jeunes choregraphes","isPartOf":{"@id":"https:\/\/www.concours-de-jeunes-choregraphes.com\/#website"},"primaryImageOfPage":{"@id":"https:\/\/www.concours-de-jeunes-choregraphes.com\/editions-2026\/benoitfavre\/#primaryimage"},"image":{"@id":"https:\/\/www.concours-de-jeunes-choregraphes.com\/editions-2026\/benoitfavre\/#primaryimage"},"thumbnailUrl":"https:\/\/malandaincjc.greenshift.eu\/wp-content\/uploads\/2024\/04\/benoit-550x550.jpg","datePublished":"2024-04-03T10:36:18+00:00","dateModified":"2024-04-17T12:22:22+00:00","breadcrumb":{"@id":"https:\/\/www.concours-de-jeunes-choregraphes.com\/editions-2026\/benoitfavre\/#breadcrumb"},"inLanguage":"en-GB","potentialAction":[{"@type":"ReadAction","target":["https:\/\/www.concours-de-jeunes-choregraphes.com\/editions-2026\/benoitfavre\/"]}]},{"@type":"ImageObject","inLanguage":"en-GB","@id":"https:\/\/www.concours-de-jeunes-choregraphes.com\/editions-2026\/benoitfavre\/#primaryimage","url":"https:\/\/malandaincjc.greenshift.eu\/wp-content\/uploads\/2024\/04\/benoit-550x550.jpg","contentUrl":"https:\/\/malandaincjc.greenshift.eu\/wp-content\/uploads\/2024\/04\/benoit-550x550.jpg"},{"@type":"BreadcrumbList","@id":"https:\/\/www.concours-de-jeunes-choregraphes.com\/editions-2026\/benoitfavre\/#breadcrumb","itemListElement":[{"@type":"ListItem","position":1,"name":"Accueil","item":"https:\/\/www.concours-de-jeunes-choregraphes.com\/"},{"@type":"ListItem","position":2,"name":"\u00c9dition 2026","item":"https:\/\/www.concours-de-jeunes-choregraphes.com\/editions-2026\/"},{"@type":"ListItem","position":3,"name":"Benoit Favre"}]},{"@type":"WebSite","@id":"https:\/\/www.concours-de-jeunes-choregraphes.com\/#website","url":"https:\/\/www.concours-de-jeunes-choregraphes.com\/","name":"Concours de jeunes choregraphes","description":"","publisher":{"@id":"https:\/\/www.concours-de-jeunes-choregraphes.com\/#organization"},"potentialAction":[{"@type":"SearchAction","target":{"@type":"EntryPoint","urlTemplate":"https:\/\/www.concours-de-jeunes-choregraphes.com\/?s={search_term_string}"},"query-input":{"@type":"PropertyValueSpecification","valueRequired":true,"valueName":"search_term_string"}}],"inLanguage":"en-GB"},{"@type":"Organization","@id":"https:\/\/www.concours-de-jeunes-choregraphes.com\/#organization","name":"Concours de jeunes choregraphes","url":"https:\/\/www.concours-de-jeunes-choregraphes.com\/","logo":{"@type":"ImageObject","inLanguage":"en-GB","@id":"https:\/\/www.concours-de-jeunes-choregraphes.com\/#\/schema\/logo\/image\/","url":"https:\/\/www.concours-de-jeunes-choregraphes.com\/wp-content\/uploads\/2024\/06\/concours.jpg","contentUrl":"https:\/\/www.concours-de-jeunes-choregraphes.com\/wp-content\/uploads\/2024\/06\/concours.jpg","width":1200,"height":675,"caption":"Concours de jeunes choregraphes"},"image":{"@id":"https:\/\/www.concours-de-jeunes-choregraphes.com\/#\/schema\/logo\/image\/"}}]}},"_links":{"self":[{"href":"https:\/\/www.concours-de-jeunes-choregraphes.com\/en\/wp-json\/wp\/v2\/pages\/2028","targetHints":{"allow":["GET"]}}],"collection":[{"href":"https:\/\/www.concours-de-jeunes-choregraphes.com\/en\/wp-json\/wp\/v2\/pages"}],"about":[{"href":"https:\/\/www.concours-de-jeunes-choregraphes.com\/en\/wp-json\/wp\/v2\/types\/page"}],"author":[{"embeddable":true,"href":"https:\/\/www.concours-de-jeunes-choregraphes.com\/en\/wp-json\/wp\/v2\/users\/3"}],"replies":[{"embeddable":true,"href":"https:\/\/www.concours-de-jeunes-choregraphes.com\/en\/wp-json\/wp\/v2\/comments?post=2028"}],"version-history":[{"count":17,"href":"https:\/\/www.concours-de-jeunes-choregraphes.com\/en\/wp-json\/wp\/v2\/pages\/2028\/revisions"}],"predecessor-version":[{"id":3152,"href":"https:\/\/www.concours-de-jeunes-choregraphes.com\/en\/wp-json\/wp\/v2\/pages\/2028\/revisions\/3152"}],"up":[{"embeddable":true,"href":"https:\/\/www.concours-de-jeunes-choregraphes.com\/en\/wp-json\/wp\/v2\/pages\/1454"}],"wp:attachment":[{"href":"https:\/\/www.concours-de-jeunes-choregraphes.com\/en\/wp-json\/wp\/v2\/media?parent=2028"}],"curies":[{"name":"wp","href":"https:\/\/api.w.org\/{rel}","templated":true}]}}