{"id":2096,"date":"2024-04-03T15:00:59","date_gmt":"2024-04-03T13:00:59","guid":{"rendered":"https:\/\/malandaincjc.greenshift.eu\/?page_id=2096"},"modified":"2024-04-09T09:19:37","modified_gmt":"2024-04-09T07:19:37","slug":"eric-quillere","status":"publish","type":"page","link":"https:\/\/www.concours-de-jeunes-choregraphes.com\/en\/editions-2026\/eric-quillere\/","title":{"rendered":"Eric Quiller\u00e9"},"content":{"rendered":"<div data-elementor-type=\"wp-page\" data-elementor-id=\"2096\" class=\"elementor elementor-2096\" data-elementor-post-type=\"page\">\n\t\t\t\t\t\t<section class=\"elementor-section elementor-top-section elementor-element elementor-element-371e656 elementor-section-boxed elementor-section-height-default elementor-section-height-default\" data-id=\"371e656\" data-element_type=\"section\" data-settings=\"{&quot;jet_parallax_layout_list&quot;:[],&quot;background_background&quot;:&quot;classic&quot;}\">\n\t\t\t\t\t\t<div class=\"elementor-container elementor-column-gap-default\">\n\t\t\t\t\t<div class=\"elementor-column elementor-col-100 elementor-top-column elementor-element elementor-element-19ad36c\" data-id=\"19ad36c\" data-element_type=\"column\">\n\t\t\t<div class=\"elementor-widget-wrap\">\n\t\t\t\t\t\t\t<\/div>\n\t\t<\/div>\n\t\t\t\t\t<\/div>\n\t\t<\/section>\n\t\t\t\t<section class=\"elementor-section elementor-top-section elementor-element elementor-element-5baade2 elementor-section-boxed elementor-section-height-default elementor-section-height-default\" data-id=\"5baade2\" data-element_type=\"section\" data-settings=\"{&quot;jet_parallax_layout_list&quot;:[]}\">\n\t\t\t\t\t\t<div class=\"elementor-container elementor-column-gap-default\">\n\t\t\t\t\t<div class=\"elementor-column elementor-col-100 elementor-top-column elementor-element elementor-element-b2aa2b1\" data-id=\"b2aa2b1\" data-element_type=\"column\">\n\t\t\t<div class=\"elementor-widget-wrap elementor-element-populated\">\n\t\t\t\t\t\t<div class=\"elementor-element elementor-element-f5beb95 elementor-widget elementor-widget-heading\" data-id=\"f5beb95\" data-element_type=\"widget\" data-widget_type=\"heading.default\">\n\t\t\t\t<div class=\"elementor-widget-container\">\n\t\t\t\t\t<h3 class=\"elementor-heading-title elementor-size-default\">Eric Quiller\u00e9<\/h3>\t\t\t\t<\/div>\n\t\t\t\t<\/div>\n\t\t\t\t<div class=\"elementor-element elementor-element-dc21ee9 elementor-widget elementor-widget-heading\" data-id=\"dc21ee9\" data-element_type=\"widget\" data-widget_type=\"heading.default\">\n\t\t\t\t<div class=\"elementor-widget-container\">\n\t\t\t\t\t<h4 class=\"elementor-heading-title elementor-size-default\">Director of Dance at the Op\u00e9ra National de Bordeaux<\/h4>\t\t\t\t<\/div>\n\t\t\t\t<\/div>\n\t\t\t\t\t<\/div>\n\t\t<\/div>\n\t\t\t\t\t<\/div>\n\t\t<\/section>\n\t\t\t\t<section class=\"elementor-section elementor-top-section elementor-element elementor-element-302ad74 elementor-section-boxed elementor-section-height-default elementor-section-height-default\" data-id=\"302ad74\" data-element_type=\"section\" data-settings=\"{&quot;jet_parallax_layout_list&quot;:[]}\">\n\t\t\t\t\t\t<div class=\"elementor-container elementor-column-gap-default\">\n\t\t\t\t\t<div class=\"elementor-column elementor-col-50 elementor-top-column elementor-element elementor-element-a08a879\" data-id=\"a08a879\" data-element_type=\"column\">\n\t\t\t<div class=\"elementor-widget-wrap elementor-element-populated\">\n\t\t\t\t\t\t<div class=\"elementor-element elementor-element-2e4203f elementor-widget elementor-widget-image\" data-id=\"2e4203f\" data-element_type=\"widget\" data-widget_type=\"image.default\">\n\t\t\t\t<div class=\"elementor-widget-container\">\n\t\t\t\t\t\t\t\t\t\t\t\t\t\t\t<img fetchpriority=\"high\" decoding=\"async\" width=\"420\" height=\"421\" src=\"https:\/\/www.concours-de-jeunes-choregraphes.com\/wp-content\/uploads\/2024\/04\/quillere_carre_NB.jpg\" class=\"attachment-full size-full wp-image-2159\" alt=\"\" srcset=\"https:\/\/www.concours-de-jeunes-choregraphes.com\/wp-content\/uploads\/2024\/04\/quillere_carre_NB.jpg 420w, https:\/\/www.concours-de-jeunes-choregraphes.com\/wp-content\/uploads\/2024\/04\/quillere_carre_NB-300x300.jpg 300w, https:\/\/www.concours-de-jeunes-choregraphes.com\/wp-content\/uploads\/2024\/04\/quillere_carre_NB-150x150.jpg 150w, https:\/\/www.concours-de-jeunes-choregraphes.com\/wp-content\/uploads\/2024\/04\/quillere_carre_NB-12x12.jpg 12w\" sizes=\"(max-width: 420px) 100vw, 420px\" \/>\t\t\t\t\t\t\t\t\t\t\t\t\t\t\t<\/div>\n\t\t\t\t<\/div>\n\t\t\t\t\t<\/div>\n\t\t<\/div>\n\t\t\t\t<div class=\"elementor-column elementor-col-50 elementor-top-column elementor-element elementor-element-1913b6f\" data-id=\"1913b6f\" data-element_type=\"column\">\n\t\t\t<div class=\"elementor-widget-wrap elementor-element-populated\">\n\t\t\t\t\t\t<div class=\"elementor-element elementor-element-08ed761 elementor-widget elementor-widget-text-editor\" data-id=\"08ed761\" data-element_type=\"widget\" data-widget_type=\"text-editor.default\">\n\t\t\t\t<div class=\"elementor-widget-container\">\n\t\t\t\t\t\t\t\t\t<p><span data-contrast=\"auto\">Following his studies at the Paris Opera Ballet School, Eric Quiller\u00e9 was recruited by Rudolf Nureyev in 1984 to join the Paris Opera Ballet corps de ballet. Spotted by Maurice B\u00e9jart, the latter invited him to Vienna to dance in the \"Compagnie du 20e si\u00e8cle\" in the ballet Wien Wien. He was promoted to Choryph\u00e9e (1986), then Sujet (1988) and danced Etudes de Lander at the Metropolitan Opera in New York during the Paris Opera's tour of the United States, and also danced at the Bolshoi on tour. He was a finalist in the prestigious Varna competition. Promoted to Premier Danseur in 1991 by Patrick Dupond, then Director of Dance at the Paris Op\u00e9ra, Eric Quiller\u00e9 dances the classical repertoire and creates the pas de deux des Vendangeurs in Giselle by P. Bart and E. Poliakov, the Jester in Swan Lake at the Op\u00e9ra Bastille (DVD Pietragalla Dupond 1992) but also the Golden Idol in La Bayad\u00e8re by R. Nureyev, Frantz in Copp\u00e9lia by Pierre Lacotte, Mercutio in Romeo and Juliet and Cinderella by Rudolf. Nureyev. He also dances Puck in A Midsummer Night's Dream by J. Neumeier.<\/span><span data-ccp-props=\"{&quot;201341983&quot;:0,&quot;335559739&quot;:0,&quot;335559740&quot;:240}\">\u00a0<\/span><\/p><p><span data-contrast=\"auto\">Eric Quiller\u00e9 also dances the neo-classical repertoire: Agon, Apollon, Capriccio and Le Fils prodigue by G. Balanchine, but also Jerome Robbins Shy Boy in The Concert (1992\/93), or Kenneth Mac Millan Le Chant de la Terre... the contemporary repertoire: Point In Space and Un Jour ou deux with Merce Cunningham, Push Comes to Shove with Twyla Tharp, Sinfonietta with Jir\u00ed Kyli\u00e1n. He danced in Pina Bausch's Le Sacre du printemps when it premiered at the Paris Opera, then in Maurice B\u00e9jart's Debussy for Seven Dancers and in Roland Petit's Rythmes de valse. He has also worked with Karole Armitage and Rudy Van Dantzig.\u00a0<\/span><span data-ccp-props=\"{&quot;201341983&quot;:0,&quot;335559739&quot;:0,&quot;335559740&quot;:240}\">\u00a0<\/span><\/p><p><span data-contrast=\"auto\">Eric Quiller\u00e9 was then engaged as a Danseur Etoile by Pierre Lacotte at the Ballet de Nancy, where for six months he danced, among other roles, the Prince in Giselle and the title role in Marco Spada by Pierre Lacotte. In 1995, with the agreement of Brigitte Lef\u00e8vre, then Director of Dance at the Paris Opera, Eric Quiller\u00e9 split his time between the Paris Opera and the Miami City Ballet - then directed by E. Villella - where he danced most of Balanchine's ballets. While pursuing his career as a dancer, he began to remount ballets for Miami City Ballet: Swan Lake, Copp\u00e9lia, Giselle and Paquita. In 2001, he was invited by M.C Pietragalla to stage her version of Giselle at the Ballet National de Marseille. In 2002, he was appointed Artistic Advisor to the MBC School in Miami, where he teaches and organises summer workshops with leading dance school directors. In 2003, Charles Jude asked him to join the Ballet National de Bordeaux as Ballet Master. He collaborated on Charles Jude's creations: Don Quichotte, Romeo and Juliet, which he remounted alone in Astana, Kazakstan, and also Copp\u00e9lia, which he remounted alone in Toulouse for the Ballet du Capitole, then directed by K. Belarbi. Belarbi. He regularly gives classes and master classes (Tel Aviv, Israel Ballet, Florence Ballet) and is regularly invited to sit on competition juries.<\/span><span data-ccp-props=\"{&quot;201341983&quot;:0,&quot;335559739&quot;:0,&quot;335559740&quot;:240}\">\u00a0<\/span><\/p><p><span data-contrast=\"auto\">Eric Quiller\u00e9 has been Director of Dance at the Op\u00e9ra National de Bordeaux since 2017.<\/span><span data-ccp-props=\"{&quot;201341983&quot;:0,&quot;335559739&quot;:0,&quot;335559740&quot;:240}\">\u00a0<\/span><\/p><p>\u00a0<\/p><p><a href=\"https:\/\/www.opera-bordeaux.com\/eric-quillere-636\">opera-bordeaux.com<\/a><\/p>\t\t\t\t\t\t\t\t<\/div>\n\t\t\t\t<\/div>\n\t\t\t\t\t<\/div>\n\t\t<\/div>\n\t\t\t\t\t<\/div>\n\t\t<\/section>\n\t\t\t\t<\/div>","protected":false},"excerpt":{"rendered":"<p>Eric Quiller\u00e9 Directeur de la danse de l&#8217;Op\u00e9ra National de Bordeaux A l\u2019issue de ses \u00e9tudes \u00e0 l\u2019Ecole de Danse de l\u2019Op\u00e9ra de Paris, Eric Quiller\u00e9 est engag\u00e9 en 1984 dans le corps de Ballet de l\u2019Op\u00e9ra de Paris par [&hellip;]<\/p>","protected":false},"author":3,"featured_media":0,"parent":1454,"menu_order":0,"comment_status":"closed","ping_status":"closed","template":"elementor_header_footer","meta":{"footnotes":""},"class_list":["post-2096","page","type-page","status-publish","hentry"],"yoast_head":"<!-- This site is optimized with the Yoast SEO plugin v26.1 - https:\/\/yoast.com\/wordpress\/plugins\/seo\/ -->\n<title>Eric Quiller\u00e9 - Concours de jeunes choregraphes<\/title>\n<meta name=\"robots\" content=\"index, follow, max-snippet:-1, max-image-preview:large, max-video-preview:-1\" \/>\n<link rel=\"canonical\" href=\"https:\/\/www.concours-de-jeunes-choregraphes.com\/en\/editions-2026\/eric-quillere\/\" \/>\n<meta property=\"og:locale\" content=\"en_GB\" \/>\n<meta property=\"og:type\" content=\"article\" \/>\n<meta property=\"og:title\" content=\"Eric Quiller\u00e9 - Concours de jeunes choregraphes\" \/>\n<meta property=\"og:description\" content=\"Eric Quiller\u00e9 Directeur de la danse de l&#8217;Op\u00e9ra National de Bordeaux A l\u2019issue de ses \u00e9tudes \u00e0 l\u2019Ecole de Danse de l\u2019Op\u00e9ra de Paris, Eric Quiller\u00e9 est engag\u00e9 en 1984 dans le corps de Ballet de l\u2019Op\u00e9ra de Paris par [&hellip;]\" \/>\n<meta property=\"og:url\" content=\"https:\/\/www.concours-de-jeunes-choregraphes.com\/en\/editions-2026\/eric-quillere\/\" \/>\n<meta property=\"og:site_name\" content=\"Concours de jeunes choregraphes\" \/>\n<meta property=\"article:modified_time\" content=\"2024-04-09T07:19:37+00:00\" \/>\n<meta property=\"og:image\" content=\"https:\/\/malandaincjc.greenshift.eu\/wp-content\/uploads\/2024\/04\/quillere_carre_NB.jpg\" \/>\n<meta name=\"twitter:card\" content=\"summary_large_image\" \/>\n<meta name=\"twitter:label1\" content=\"Estimated reading time\" \/>\n\t<meta name=\"twitter:data1\" content=\"3 minutes\" \/>\n<script type=\"application\/ld+json\" class=\"yoast-schema-graph\">{\"@context\":\"https:\/\/schema.org\",\"@graph\":[{\"@type\":\"WebPage\",\"@id\":\"https:\/\/www.concours-de-jeunes-choregraphes.com\/editions-2026\/eric-quillere\/\",\"url\":\"https:\/\/www.concours-de-jeunes-choregraphes.com\/editions-2026\/eric-quillere\/\",\"name\":\"Eric Quiller\u00e9 - Concours de jeunes choregraphes\",\"isPartOf\":{\"@id\":\"https:\/\/www.concours-de-jeunes-choregraphes.com\/#website\"},\"primaryImageOfPage\":{\"@id\":\"https:\/\/www.concours-de-jeunes-choregraphes.com\/editions-2026\/eric-quillere\/#primaryimage\"},\"image\":{\"@id\":\"https:\/\/www.concours-de-jeunes-choregraphes.com\/editions-2026\/eric-quillere\/#primaryimage\"},\"thumbnailUrl\":\"https:\/\/malandaincjc.greenshift.eu\/wp-content\/uploads\/2024\/04\/quillere_carre_NB.jpg\",\"datePublished\":\"2024-04-03T13:00:59+00:00\",\"dateModified\":\"2024-04-09T07:19:37+00:00\",\"breadcrumb\":{\"@id\":\"https:\/\/www.concours-de-jeunes-choregraphes.com\/editions-2026\/eric-quillere\/#breadcrumb\"},\"inLanguage\":\"en-GB\",\"potentialAction\":[{\"@type\":\"ReadAction\",\"target\":[\"https:\/\/www.concours-de-jeunes-choregraphes.com\/editions-2026\/eric-quillere\/\"]}]},{\"@type\":\"ImageObject\",\"inLanguage\":\"en-GB\",\"@id\":\"https:\/\/www.concours-de-jeunes-choregraphes.com\/editions-2026\/eric-quillere\/#primaryimage\",\"url\":\"https:\/\/malandaincjc.greenshift.eu\/wp-content\/uploads\/2024\/04\/quillere_carre_NB.jpg\",\"contentUrl\":\"https:\/\/malandaincjc.greenshift.eu\/wp-content\/uploads\/2024\/04\/quillere_carre_NB.jpg\"},{\"@type\":\"BreadcrumbList\",\"@id\":\"https:\/\/www.concours-de-jeunes-choregraphes.com\/editions-2026\/eric-quillere\/#breadcrumb\",\"itemListElement\":[{\"@type\":\"ListItem\",\"position\":1,\"name\":\"Accueil\",\"item\":\"https:\/\/www.concours-de-jeunes-choregraphes.com\/\"},{\"@type\":\"ListItem\",\"position\":2,\"name\":\"\u00c9dition 2026\",\"item\":\"https:\/\/www.concours-de-jeunes-choregraphes.com\/editions-2026\/\"},{\"@type\":\"ListItem\",\"position\":3,\"name\":\"Eric Quiller\u00e9\"}]},{\"@type\":\"WebSite\",\"@id\":\"https:\/\/www.concours-de-jeunes-choregraphes.com\/#website\",\"url\":\"https:\/\/www.concours-de-jeunes-choregraphes.com\/\",\"name\":\"Concours de jeunes choregraphes\",\"description\":\"\",\"publisher\":{\"@id\":\"https:\/\/www.concours-de-jeunes-choregraphes.com\/#organization\"},\"potentialAction\":[{\"@type\":\"SearchAction\",\"target\":{\"@type\":\"EntryPoint\",\"urlTemplate\":\"https:\/\/www.concours-de-jeunes-choregraphes.com\/?s={search_term_string}\"},\"query-input\":{\"@type\":\"PropertyValueSpecification\",\"valueRequired\":true,\"valueName\":\"search_term_string\"}}],\"inLanguage\":\"en-GB\"},{\"@type\":\"Organization\",\"@id\":\"https:\/\/www.concours-de-jeunes-choregraphes.com\/#organization\",\"name\":\"Concours de jeunes choregraphes\",\"url\":\"https:\/\/www.concours-de-jeunes-choregraphes.com\/\",\"logo\":{\"@type\":\"ImageObject\",\"inLanguage\":\"en-GB\",\"@id\":\"https:\/\/www.concours-de-jeunes-choregraphes.com\/#\/schema\/logo\/image\/\",\"url\":\"https:\/\/www.concours-de-jeunes-choregraphes.com\/wp-content\/uploads\/2024\/06\/concours.jpg\",\"contentUrl\":\"https:\/\/www.concours-de-jeunes-choregraphes.com\/wp-content\/uploads\/2024\/06\/concours.jpg\",\"width\":1200,\"height\":675,\"caption\":\"Concours de jeunes choregraphes\"},\"image\":{\"@id\":\"https:\/\/www.concours-de-jeunes-choregraphes.com\/#\/schema\/logo\/image\/\"}}]}<\/script>\n<!-- \/ Yoast SEO plugin. -->","yoast_head_json":{"title":"Eric Quiller\u00e9 - Concours de jeunes choregraphes","robots":{"index":"index","follow":"follow","max-snippet":"max-snippet:-1","max-image-preview":"max-image-preview:large","max-video-preview":"max-video-preview:-1"},"canonical":"https:\/\/www.concours-de-jeunes-choregraphes.com\/en\/editions-2026\/eric-quillere\/","og_locale":"en_GB","og_type":"article","og_title":"Eric Quiller\u00e9 - Concours de jeunes choregraphes","og_description":"Eric Quiller\u00e9 Directeur de la danse de l&#8217;Op\u00e9ra National de Bordeaux A l\u2019issue de ses \u00e9tudes \u00e0 l\u2019Ecole de Danse de l\u2019Op\u00e9ra de Paris, Eric Quiller\u00e9 est engag\u00e9 en 1984 dans le corps de Ballet de l\u2019Op\u00e9ra de Paris par [&hellip;]","og_url":"https:\/\/www.concours-de-jeunes-choregraphes.com\/en\/editions-2026\/eric-quillere\/","og_site_name":"Concours de jeunes choregraphes","article_modified_time":"2024-04-09T07:19:37+00:00","og_image":[{"url":"https:\/\/malandaincjc.greenshift.eu\/wp-content\/uploads\/2024\/04\/quillere_carre_NB.jpg","type":"","width":"","height":""}],"twitter_card":"summary_large_image","twitter_misc":{"Estimated reading time":"3 minutes"},"schema":{"@context":"https:\/\/schema.org","@graph":[{"@type":"WebPage","@id":"https:\/\/www.concours-de-jeunes-choregraphes.com\/editions-2026\/eric-quillere\/","url":"https:\/\/www.concours-de-jeunes-choregraphes.com\/editions-2026\/eric-quillere\/","name":"Eric Quiller\u00e9 - Concours de jeunes choregraphes","isPartOf":{"@id":"https:\/\/www.concours-de-jeunes-choregraphes.com\/#website"},"primaryImageOfPage":{"@id":"https:\/\/www.concours-de-jeunes-choregraphes.com\/editions-2026\/eric-quillere\/#primaryimage"},"image":{"@id":"https:\/\/www.concours-de-jeunes-choregraphes.com\/editions-2026\/eric-quillere\/#primaryimage"},"thumbnailUrl":"https:\/\/malandaincjc.greenshift.eu\/wp-content\/uploads\/2024\/04\/quillere_carre_NB.jpg","datePublished":"2024-04-03T13:00:59+00:00","dateModified":"2024-04-09T07:19:37+00:00","breadcrumb":{"@id":"https:\/\/www.concours-de-jeunes-choregraphes.com\/editions-2026\/eric-quillere\/#breadcrumb"},"inLanguage":"en-GB","potentialAction":[{"@type":"ReadAction","target":["https:\/\/www.concours-de-jeunes-choregraphes.com\/editions-2026\/eric-quillere\/"]}]},{"@type":"ImageObject","inLanguage":"en-GB","@id":"https:\/\/www.concours-de-jeunes-choregraphes.com\/editions-2026\/eric-quillere\/#primaryimage","url":"https:\/\/malandaincjc.greenshift.eu\/wp-content\/uploads\/2024\/04\/quillere_carre_NB.jpg","contentUrl":"https:\/\/malandaincjc.greenshift.eu\/wp-content\/uploads\/2024\/04\/quillere_carre_NB.jpg"},{"@type":"BreadcrumbList","@id":"https:\/\/www.concours-de-jeunes-choregraphes.com\/editions-2026\/eric-quillere\/#breadcrumb","itemListElement":[{"@type":"ListItem","position":1,"name":"Accueil","item":"https:\/\/www.concours-de-jeunes-choregraphes.com\/"},{"@type":"ListItem","position":2,"name":"\u00c9dition 2026","item":"https:\/\/www.concours-de-jeunes-choregraphes.com\/editions-2026\/"},{"@type":"ListItem","position":3,"name":"Eric Quiller\u00e9"}]},{"@type":"WebSite","@id":"https:\/\/www.concours-de-jeunes-choregraphes.com\/#website","url":"https:\/\/www.concours-de-jeunes-choregraphes.com\/","name":"Concours de jeunes choregraphes","description":"","publisher":{"@id":"https:\/\/www.concours-de-jeunes-choregraphes.com\/#organization"},"potentialAction":[{"@type":"SearchAction","target":{"@type":"EntryPoint","urlTemplate":"https:\/\/www.concours-de-jeunes-choregraphes.com\/?s={search_term_string}"},"query-input":{"@type":"PropertyValueSpecification","valueRequired":true,"valueName":"search_term_string"}}],"inLanguage":"en-GB"},{"@type":"Organization","@id":"https:\/\/www.concours-de-jeunes-choregraphes.com\/#organization","name":"Concours de jeunes choregraphes","url":"https:\/\/www.concours-de-jeunes-choregraphes.com\/","logo":{"@type":"ImageObject","inLanguage":"en-GB","@id":"https:\/\/www.concours-de-jeunes-choregraphes.com\/#\/schema\/logo\/image\/","url":"https:\/\/www.concours-de-jeunes-choregraphes.com\/wp-content\/uploads\/2024\/06\/concours.jpg","contentUrl":"https:\/\/www.concours-de-jeunes-choregraphes.com\/wp-content\/uploads\/2024\/06\/concours.jpg","width":1200,"height":675,"caption":"Concours de jeunes choregraphes"},"image":{"@id":"https:\/\/www.concours-de-jeunes-choregraphes.com\/#\/schema\/logo\/image\/"}}]}},"_links":{"self":[{"href":"https:\/\/www.concours-de-jeunes-choregraphes.com\/en\/wp-json\/wp\/v2\/pages\/2096","targetHints":{"allow":["GET"]}}],"collection":[{"href":"https:\/\/www.concours-de-jeunes-choregraphes.com\/en\/wp-json\/wp\/v2\/pages"}],"about":[{"href":"https:\/\/www.concours-de-jeunes-choregraphes.com\/en\/wp-json\/wp\/v2\/types\/page"}],"author":[{"embeddable":true,"href":"https:\/\/www.concours-de-jeunes-choregraphes.com\/en\/wp-json\/wp\/v2\/users\/3"}],"replies":[{"embeddable":true,"href":"https:\/\/www.concours-de-jeunes-choregraphes.com\/en\/wp-json\/wp\/v2\/comments?post=2096"}],"version-history":[{"count":14,"href":"https:\/\/www.concours-de-jeunes-choregraphes.com\/en\/wp-json\/wp\/v2\/pages\/2096\/revisions"}],"predecessor-version":[{"id":2743,"href":"https:\/\/www.concours-de-jeunes-choregraphes.com\/en\/wp-json\/wp\/v2\/pages\/2096\/revisions\/2743"}],"up":[{"embeddable":true,"href":"https:\/\/www.concours-de-jeunes-choregraphes.com\/en\/wp-json\/wp\/v2\/pages\/1454"}],"wp:attachment":[{"href":"https:\/\/www.concours-de-jeunes-choregraphes.com\/en\/wp-json\/wp\/v2\/media?parent=2096"}],"curies":[{"name":"wp","href":"https:\/\/api.w.org\/{rel}","templated":true}]}}