{"id":2101,"date":"2024-04-03T15:04:12","date_gmt":"2024-04-03T13:04:12","guid":{"rendered":"https:\/\/malandaincjc.greenshift.eu\/?page_id=2101"},"modified":"2024-04-09T09:21:41","modified_gmt":"2024-04-09T07:21:41","slug":"ingrid-lorentzen","status":"publish","type":"page","link":"https:\/\/www.concours-de-jeunes-choregraphes.com\/en\/editions-2026\/ingrid-lorentzen\/","title":{"rendered":"Ingrid Lorentzen"},"content":{"rendered":"<div data-elementor-type=\"wp-page\" data-elementor-id=\"2101\" class=\"elementor elementor-2101\" data-elementor-post-type=\"page\">\n\t\t\t\t\t\t<section class=\"elementor-section elementor-top-section elementor-element elementor-element-9ad1278 elementor-section-boxed elementor-section-height-default elementor-section-height-default\" data-id=\"9ad1278\" data-element_type=\"section\" data-settings=\"{&quot;jet_parallax_layout_list&quot;:[],&quot;background_background&quot;:&quot;classic&quot;}\">\n\t\t\t\t\t\t<div class=\"elementor-container elementor-column-gap-default\">\n\t\t\t\t\t<div class=\"elementor-column elementor-col-100 elementor-top-column elementor-element elementor-element-432e013\" data-id=\"432e013\" data-element_type=\"column\">\n\t\t\t<div class=\"elementor-widget-wrap\">\n\t\t\t\t\t\t\t<\/div>\n\t\t<\/div>\n\t\t\t\t\t<\/div>\n\t\t<\/section>\n\t\t\t\t<section class=\"elementor-section elementor-top-section elementor-element elementor-element-5baade2 elementor-section-boxed elementor-section-height-default elementor-section-height-default\" data-id=\"5baade2\" data-element_type=\"section\" data-settings=\"{&quot;jet_parallax_layout_list&quot;:[]}\">\n\t\t\t\t\t\t<div class=\"elementor-container elementor-column-gap-default\">\n\t\t\t\t\t<div class=\"elementor-column elementor-col-100 elementor-top-column elementor-element elementor-element-b2aa2b1\" data-id=\"b2aa2b1\" data-element_type=\"column\">\n\t\t\t<div class=\"elementor-widget-wrap elementor-element-populated\">\n\t\t\t\t\t\t<div class=\"elementor-element elementor-element-f5beb95 elementor-widget elementor-widget-heading\" data-id=\"f5beb95\" data-element_type=\"widget\" data-widget_type=\"heading.default\">\n\t\t\t\t<div class=\"elementor-widget-container\">\n\t\t\t\t\t<h3 class=\"elementor-heading-title elementor-size-default\">Ingrid Lorentzen<\/h3>\t\t\t\t<\/div>\n\t\t\t\t<\/div>\n\t\t\t\t<div class=\"elementor-element elementor-element-dc21ee9 elementor-widget elementor-widget-heading\" data-id=\"dc21ee9\" data-element_type=\"widget\" data-widget_type=\"heading.default\">\n\t\t\t\t<div class=\"elementor-widget-container\">\n\t\t\t\t\t<h4 class=\"elementor-heading-title elementor-size-default\">Artistic Director of the Norwegian National Ballet<\/h4>\t\t\t\t<\/div>\n\t\t\t\t<\/div>\n\t\t\t\t\t<\/div>\n\t\t<\/div>\n\t\t\t\t\t<\/div>\n\t\t<\/section>\n\t\t\t\t<section class=\"elementor-section elementor-top-section elementor-element elementor-element-302ad74 elementor-section-boxed elementor-section-height-default elementor-section-height-default\" data-id=\"302ad74\" data-element_type=\"section\" data-settings=\"{&quot;jet_parallax_layout_list&quot;:[]}\">\n\t\t\t\t\t\t<div class=\"elementor-container elementor-column-gap-default\">\n\t\t\t\t\t<div class=\"elementor-column elementor-col-50 elementor-top-column elementor-element elementor-element-a08a879\" data-id=\"a08a879\" data-element_type=\"column\">\n\t\t\t<div class=\"elementor-widget-wrap elementor-element-populated\">\n\t\t\t\t\t\t<div class=\"elementor-element elementor-element-2e4203f elementor-widget elementor-widget-image\" data-id=\"2e4203f\" data-element_type=\"widget\" data-widget_type=\"image.default\">\n\t\t\t\t<div class=\"elementor-widget-container\">\n\t\t\t\t\t\t\t\t\t\t\t\t\t\t\t<img fetchpriority=\"high\" decoding=\"async\" width=\"768\" height=\"768\" src=\"https:\/\/www.concours-de-jeunes-choregraphes.com\/wp-content\/uploads\/2024\/04\/lorentzen_carre_NB-768x768.jpg\" class=\"attachment-medium_large size-medium_large wp-image-2158\" alt=\"\" srcset=\"https:\/\/www.concours-de-jeunes-choregraphes.com\/wp-content\/uploads\/2024\/04\/lorentzen_carre_NB-768x768.jpg 768w, https:\/\/www.concours-de-jeunes-choregraphes.com\/wp-content\/uploads\/2024\/04\/lorentzen_carre_NB-300x300.jpg 300w, https:\/\/www.concours-de-jeunes-choregraphes.com\/wp-content\/uploads\/2024\/04\/lorentzen_carre_NB-1024x1024.jpg 1024w, https:\/\/www.concours-de-jeunes-choregraphes.com\/wp-content\/uploads\/2024\/04\/lorentzen_carre_NB-150x150.jpg 150w, https:\/\/www.concours-de-jeunes-choregraphes.com\/wp-content\/uploads\/2024\/04\/lorentzen_carre_NB-1536x1536.jpg 1536w, https:\/\/www.concours-de-jeunes-choregraphes.com\/wp-content\/uploads\/2024\/04\/lorentzen_carre_NB-12x12.jpg 12w, https:\/\/www.concours-de-jeunes-choregraphes.com\/wp-content\/uploads\/2024\/04\/lorentzen_carre_NB-550x550.jpg 550w, https:\/\/www.concours-de-jeunes-choregraphes.com\/wp-content\/uploads\/2024\/04\/lorentzen_carre_NB-1100x1100.jpg 1100w\" sizes=\"(max-width: 768px) 100vw, 768px\" \/>\t\t\t\t\t\t\t\t\t\t\t\t\t\t\t<\/div>\n\t\t\t\t<\/div>\n\t\t\t\t\t<\/div>\n\t\t<\/div>\n\t\t\t\t<div class=\"elementor-column elementor-col-50 elementor-top-column elementor-element elementor-element-1913b6f\" data-id=\"1913b6f\" data-element_type=\"column\">\n\t\t\t<div class=\"elementor-widget-wrap elementor-element-populated\">\n\t\t\t\t\t\t<div class=\"elementor-element elementor-element-08ed761 elementor-widget elementor-widget-text-editor\" data-id=\"08ed761\" data-element_type=\"widget\" data-widget_type=\"text-editor.default\">\n\t\t\t\t<div class=\"elementor-widget-container\">\n\t\t\t\t\t\t\t\t\t<p><span data-contrast=\"auto\">She received her ballet training at the Norwegian National Ballet Academy in Oslo (1988-89) and at the Royal Swedish Ballet School in Stockholm. She also studied ballet in New York and Paris.<\/span><span data-ccp-props=\"{&quot;201341983&quot;:0,&quot;335559739&quot;:0,&quot;335559740&quot;:240}\">\u00a0<\/span><\/p><p><span data-contrast=\"auto\">She made her name in 1991 performing Lokk by Kjersti Alveberg at the Eurovision competition for young dancers. The following year, she danced Kristin Lavransdatter in Nidaros Cathedral. From 1995 to 1997, she was a member of the Sk\u00e5nes Danseteater in Malm\u00f6. She joined the Norwegian National Ballet in 1997 and became a principal dancer in 2000. As well as classical roles such as Odette and Odile in Swan Lake, she has performed as a modern and non-traditional ballerina in modern works choreographed by George Balanchine, Glen Tetley, Ji\u0159\u00ed Kyli\u00e1n, Paul Lightfoot, Sol L\u00e8on and Nacho Duato. In 2001, she received the Norwegian Dance Critics' Prize for her interpretation of Kim Brandstrup's Place of Stone.<\/span><span data-ccp-props=\"{&quot;201341983&quot;:0,&quot;335559739&quot;:0,&quot;335559740&quot;:240}\">\u00a0<\/span><\/p><p><span data-contrast=\"auto\">She collaborated with Kjersti Alveberg on Babels barn, Volven (2000) and Nett no (2002). She played the lead role in the film and theatre production of Lille Fr\u00f8ken Norge (2003). She also played Eva Linde in Genanse og verdighet at the National Theatre (2000) and Solveig in Peer Gynt at the Torshov Theatre (2004). She was the first dancer to receive Telenor's Communication without Boundaries award in 2004. On 1 August 2012, she was appointed Artistic Director of the Norwegian National Ballet for a period of five years. Her contract was subsequently renewed and currently runs until 2022.<\/span><span data-ccp-props=\"{&quot;201341983&quot;:0,&quot;335559739&quot;:0,&quot;335559740&quot;:240}\">\u00a0<\/span><\/p><p>\u00a0<\/p><p><a href=\"https:\/\/www.operaen.no\/en\/persons\/management\/ingrid-lorentzen\/\">operaen.no<\/a><\/p>\t\t\t\t\t\t\t\t<\/div>\n\t\t\t\t<\/div>\n\t\t\t\t\t<\/div>\n\t\t<\/div>\n\t\t\t\t\t<\/div>\n\t\t<\/section>\n\t\t\t\t<\/div>","protected":false},"excerpt":{"rendered":"<p>Ingrid Lorentzen Directrice artistique du Ballet national norv\u00e9gien Elle re\u00e7oit sa formation de danseuse classique \u00e0 l&#8217;Acad\u00e9mie nationale norv\u00e9gienne de ballet d&#8217;Oslo (1988-89) et \u00e0 l&#8217;\u00c9cole royale su\u00e9doise de ballet de Stockholm. Elle a \u00e9galement \u00e9tudi\u00e9 le ballet \u00e0 New [&hellip;]<\/p>","protected":false},"author":3,"featured_media":0,"parent":1454,"menu_order":0,"comment_status":"closed","ping_status":"closed","template":"elementor_header_footer","meta":{"footnotes":""},"class_list":["post-2101","page","type-page","status-publish","hentry"],"yoast_head":"<!-- This site is optimized with the Yoast SEO plugin v26.1 - https:\/\/yoast.com\/wordpress\/plugins\/seo\/ -->\n<title>Ingrid Lorentzen - Concours de jeunes choregraphes<\/title>\n<meta name=\"robots\" content=\"index, follow, max-snippet:-1, max-image-preview:large, max-video-preview:-1\" \/>\n<link rel=\"canonical\" href=\"https:\/\/www.concours-de-jeunes-choregraphes.com\/en\/editions-2026\/ingrid-lorentzen\/\" \/>\n<meta property=\"og:locale\" content=\"en_GB\" \/>\n<meta property=\"og:type\" content=\"article\" \/>\n<meta property=\"og:title\" content=\"Ingrid Lorentzen - Concours de jeunes choregraphes\" \/>\n<meta property=\"og:description\" content=\"Ingrid Lorentzen Directrice artistique du Ballet national norv\u00e9gien Elle re\u00e7oit sa formation de danseuse classique \u00e0 l&#8217;Acad\u00e9mie nationale norv\u00e9gienne de ballet d&#8217;Oslo (1988-89) et \u00e0 l&#8217;\u00c9cole royale su\u00e9doise de ballet de Stockholm. Elle a \u00e9galement \u00e9tudi\u00e9 le ballet \u00e0 New [&hellip;]\" \/>\n<meta property=\"og:url\" content=\"https:\/\/www.concours-de-jeunes-choregraphes.com\/en\/editions-2026\/ingrid-lorentzen\/\" \/>\n<meta property=\"og:site_name\" content=\"Concours de jeunes choregraphes\" \/>\n<meta property=\"article:modified_time\" content=\"2024-04-09T07:21:41+00:00\" \/>\n<meta property=\"og:image\" content=\"https:\/\/malandaincjc.greenshift.eu\/wp-content\/uploads\/2024\/04\/lorentzen_carre_NB-768x768.jpg\" \/>\n<meta name=\"twitter:card\" content=\"summary_large_image\" \/>\n<meta name=\"twitter:label1\" content=\"Estimated reading time\" \/>\n\t<meta name=\"twitter:data1\" content=\"1 minute\" \/>\n<script type=\"application\/ld+json\" class=\"yoast-schema-graph\">{\"@context\":\"https:\/\/schema.org\",\"@graph\":[{\"@type\":\"WebPage\",\"@id\":\"https:\/\/www.concours-de-jeunes-choregraphes.com\/editions-2026\/ingrid-lorentzen\/\",\"url\":\"https:\/\/www.concours-de-jeunes-choregraphes.com\/editions-2026\/ingrid-lorentzen\/\",\"name\":\"Ingrid Lorentzen - Concours de jeunes choregraphes\",\"isPartOf\":{\"@id\":\"https:\/\/www.concours-de-jeunes-choregraphes.com\/#website\"},\"primaryImageOfPage\":{\"@id\":\"https:\/\/www.concours-de-jeunes-choregraphes.com\/editions-2026\/ingrid-lorentzen\/#primaryimage\"},\"image\":{\"@id\":\"https:\/\/www.concours-de-jeunes-choregraphes.com\/editions-2026\/ingrid-lorentzen\/#primaryimage\"},\"thumbnailUrl\":\"https:\/\/malandaincjc.greenshift.eu\/wp-content\/uploads\/2024\/04\/lorentzen_carre_NB-768x768.jpg\",\"datePublished\":\"2024-04-03T13:04:12+00:00\",\"dateModified\":\"2024-04-09T07:21:41+00:00\",\"breadcrumb\":{\"@id\":\"https:\/\/www.concours-de-jeunes-choregraphes.com\/editions-2026\/ingrid-lorentzen\/#breadcrumb\"},\"inLanguage\":\"en-GB\",\"potentialAction\":[{\"@type\":\"ReadAction\",\"target\":[\"https:\/\/www.concours-de-jeunes-choregraphes.com\/editions-2026\/ingrid-lorentzen\/\"]}]},{\"@type\":\"ImageObject\",\"inLanguage\":\"en-GB\",\"@id\":\"https:\/\/www.concours-de-jeunes-choregraphes.com\/editions-2026\/ingrid-lorentzen\/#primaryimage\",\"url\":\"https:\/\/malandaincjc.greenshift.eu\/wp-content\/uploads\/2024\/04\/lorentzen_carre_NB-768x768.jpg\",\"contentUrl\":\"https:\/\/malandaincjc.greenshift.eu\/wp-content\/uploads\/2024\/04\/lorentzen_carre_NB-768x768.jpg\"},{\"@type\":\"BreadcrumbList\",\"@id\":\"https:\/\/www.concours-de-jeunes-choregraphes.com\/editions-2026\/ingrid-lorentzen\/#breadcrumb\",\"itemListElement\":[{\"@type\":\"ListItem\",\"position\":1,\"name\":\"Accueil\",\"item\":\"https:\/\/www.concours-de-jeunes-choregraphes.com\/\"},{\"@type\":\"ListItem\",\"position\":2,\"name\":\"\u00c9dition 2026\",\"item\":\"https:\/\/www.concours-de-jeunes-choregraphes.com\/editions-2026\/\"},{\"@type\":\"ListItem\",\"position\":3,\"name\":\"Ingrid Lorentzen\"}]},{\"@type\":\"WebSite\",\"@id\":\"https:\/\/www.concours-de-jeunes-choregraphes.com\/#website\",\"url\":\"https:\/\/www.concours-de-jeunes-choregraphes.com\/\",\"name\":\"Concours de jeunes choregraphes\",\"description\":\"\",\"publisher\":{\"@id\":\"https:\/\/www.concours-de-jeunes-choregraphes.com\/#organization\"},\"potentialAction\":[{\"@type\":\"SearchAction\",\"target\":{\"@type\":\"EntryPoint\",\"urlTemplate\":\"https:\/\/www.concours-de-jeunes-choregraphes.com\/?s={search_term_string}\"},\"query-input\":{\"@type\":\"PropertyValueSpecification\",\"valueRequired\":true,\"valueName\":\"search_term_string\"}}],\"inLanguage\":\"en-GB\"},{\"@type\":\"Organization\",\"@id\":\"https:\/\/www.concours-de-jeunes-choregraphes.com\/#organization\",\"name\":\"Concours de jeunes choregraphes\",\"url\":\"https:\/\/www.concours-de-jeunes-choregraphes.com\/\",\"logo\":{\"@type\":\"ImageObject\",\"inLanguage\":\"en-GB\",\"@id\":\"https:\/\/www.concours-de-jeunes-choregraphes.com\/#\/schema\/logo\/image\/\",\"url\":\"https:\/\/www.concours-de-jeunes-choregraphes.com\/wp-content\/uploads\/2024\/06\/concours.jpg\",\"contentUrl\":\"https:\/\/www.concours-de-jeunes-choregraphes.com\/wp-content\/uploads\/2024\/06\/concours.jpg\",\"width\":1200,\"height\":675,\"caption\":\"Concours de jeunes choregraphes\"},\"image\":{\"@id\":\"https:\/\/www.concours-de-jeunes-choregraphes.com\/#\/schema\/logo\/image\/\"}}]}<\/script>\n<!-- \/ Yoast SEO plugin. -->","yoast_head_json":{"title":"Ingrid Lorentzen - Concours de jeunes choregraphes","robots":{"index":"index","follow":"follow","max-snippet":"max-snippet:-1","max-image-preview":"max-image-preview:large","max-video-preview":"max-video-preview:-1"},"canonical":"https:\/\/www.concours-de-jeunes-choregraphes.com\/en\/editions-2026\/ingrid-lorentzen\/","og_locale":"en_GB","og_type":"article","og_title":"Ingrid Lorentzen - Concours de jeunes choregraphes","og_description":"Ingrid Lorentzen Directrice artistique du Ballet national norv\u00e9gien Elle re\u00e7oit sa formation de danseuse classique \u00e0 l&#8217;Acad\u00e9mie nationale norv\u00e9gienne de ballet d&#8217;Oslo (1988-89) et \u00e0 l&#8217;\u00c9cole royale su\u00e9doise de ballet de Stockholm. Elle a \u00e9galement \u00e9tudi\u00e9 le ballet \u00e0 New [&hellip;]","og_url":"https:\/\/www.concours-de-jeunes-choregraphes.com\/en\/editions-2026\/ingrid-lorentzen\/","og_site_name":"Concours de jeunes choregraphes","article_modified_time":"2024-04-09T07:21:41+00:00","og_image":[{"url":"https:\/\/malandaincjc.greenshift.eu\/wp-content\/uploads\/2024\/04\/lorentzen_carre_NB-768x768.jpg","type":"","width":"","height":""}],"twitter_card":"summary_large_image","twitter_misc":{"Estimated reading time":"1 minute"},"schema":{"@context":"https:\/\/schema.org","@graph":[{"@type":"WebPage","@id":"https:\/\/www.concours-de-jeunes-choregraphes.com\/editions-2026\/ingrid-lorentzen\/","url":"https:\/\/www.concours-de-jeunes-choregraphes.com\/editions-2026\/ingrid-lorentzen\/","name":"Ingrid Lorentzen - Concours de jeunes choregraphes","isPartOf":{"@id":"https:\/\/www.concours-de-jeunes-choregraphes.com\/#website"},"primaryImageOfPage":{"@id":"https:\/\/www.concours-de-jeunes-choregraphes.com\/editions-2026\/ingrid-lorentzen\/#primaryimage"},"image":{"@id":"https:\/\/www.concours-de-jeunes-choregraphes.com\/editions-2026\/ingrid-lorentzen\/#primaryimage"},"thumbnailUrl":"https:\/\/malandaincjc.greenshift.eu\/wp-content\/uploads\/2024\/04\/lorentzen_carre_NB-768x768.jpg","datePublished":"2024-04-03T13:04:12+00:00","dateModified":"2024-04-09T07:21:41+00:00","breadcrumb":{"@id":"https:\/\/www.concours-de-jeunes-choregraphes.com\/editions-2026\/ingrid-lorentzen\/#breadcrumb"},"inLanguage":"en-GB","potentialAction":[{"@type":"ReadAction","target":["https:\/\/www.concours-de-jeunes-choregraphes.com\/editions-2026\/ingrid-lorentzen\/"]}]},{"@type":"ImageObject","inLanguage":"en-GB","@id":"https:\/\/www.concours-de-jeunes-choregraphes.com\/editions-2026\/ingrid-lorentzen\/#primaryimage","url":"https:\/\/malandaincjc.greenshift.eu\/wp-content\/uploads\/2024\/04\/lorentzen_carre_NB-768x768.jpg","contentUrl":"https:\/\/malandaincjc.greenshift.eu\/wp-content\/uploads\/2024\/04\/lorentzen_carre_NB-768x768.jpg"},{"@type":"BreadcrumbList","@id":"https:\/\/www.concours-de-jeunes-choregraphes.com\/editions-2026\/ingrid-lorentzen\/#breadcrumb","itemListElement":[{"@type":"ListItem","position":1,"name":"Accueil","item":"https:\/\/www.concours-de-jeunes-choregraphes.com\/"},{"@type":"ListItem","position":2,"name":"\u00c9dition 2026","item":"https:\/\/www.concours-de-jeunes-choregraphes.com\/editions-2026\/"},{"@type":"ListItem","position":3,"name":"Ingrid Lorentzen"}]},{"@type":"WebSite","@id":"https:\/\/www.concours-de-jeunes-choregraphes.com\/#website","url":"https:\/\/www.concours-de-jeunes-choregraphes.com\/","name":"Concours de jeunes choregraphes","description":"","publisher":{"@id":"https:\/\/www.concours-de-jeunes-choregraphes.com\/#organization"},"potentialAction":[{"@type":"SearchAction","target":{"@type":"EntryPoint","urlTemplate":"https:\/\/www.concours-de-jeunes-choregraphes.com\/?s={search_term_string}"},"query-input":{"@type":"PropertyValueSpecification","valueRequired":true,"valueName":"search_term_string"}}],"inLanguage":"en-GB"},{"@type":"Organization","@id":"https:\/\/www.concours-de-jeunes-choregraphes.com\/#organization","name":"Concours de jeunes choregraphes","url":"https:\/\/www.concours-de-jeunes-choregraphes.com\/","logo":{"@type":"ImageObject","inLanguage":"en-GB","@id":"https:\/\/www.concours-de-jeunes-choregraphes.com\/#\/schema\/logo\/image\/","url":"https:\/\/www.concours-de-jeunes-choregraphes.com\/wp-content\/uploads\/2024\/06\/concours.jpg","contentUrl":"https:\/\/www.concours-de-jeunes-choregraphes.com\/wp-content\/uploads\/2024\/06\/concours.jpg","width":1200,"height":675,"caption":"Concours de jeunes choregraphes"},"image":{"@id":"https:\/\/www.concours-de-jeunes-choregraphes.com\/#\/schema\/logo\/image\/"}}]}},"_links":{"self":[{"href":"https:\/\/www.concours-de-jeunes-choregraphes.com\/en\/wp-json\/wp\/v2\/pages\/2101","targetHints":{"allow":["GET"]}}],"collection":[{"href":"https:\/\/www.concours-de-jeunes-choregraphes.com\/en\/wp-json\/wp\/v2\/pages"}],"about":[{"href":"https:\/\/www.concours-de-jeunes-choregraphes.com\/en\/wp-json\/wp\/v2\/types\/page"}],"author":[{"embeddable":true,"href":"https:\/\/www.concours-de-jeunes-choregraphes.com\/en\/wp-json\/wp\/v2\/users\/3"}],"replies":[{"embeddable":true,"href":"https:\/\/www.concours-de-jeunes-choregraphes.com\/en\/wp-json\/wp\/v2\/comments?post=2101"}],"version-history":[{"count":14,"href":"https:\/\/www.concours-de-jeunes-choregraphes.com\/en\/wp-json\/wp\/v2\/pages\/2101\/revisions"}],"predecessor-version":[{"id":2747,"href":"https:\/\/www.concours-de-jeunes-choregraphes.com\/en\/wp-json\/wp\/v2\/pages\/2101\/revisions\/2747"}],"up":[{"embeddable":true,"href":"https:\/\/www.concours-de-jeunes-choregraphes.com\/en\/wp-json\/wp\/v2\/pages\/1454"}],"wp:attachment":[{"href":"https:\/\/www.concours-de-jeunes-choregraphes.com\/en\/wp-json\/wp\/v2\/media?parent=2101"}],"curies":[{"name":"wp","href":"https:\/\/api.w.org\/{rel}","templated":true}]}}