{"id":2102,"date":"2024-04-03T15:05:10","date_gmt":"2024-04-03T13:05:10","guid":{"rendered":"https:\/\/malandaincjc.greenshift.eu\/?page_id=2102"},"modified":"2024-04-09T09:16:26","modified_gmt":"2024-04-09T07:16:26","slug":"bruno-bouche","status":"publish","type":"page","link":"https:\/\/www.concours-de-jeunes-choregraphes.com\/en\/editions-2026\/bruno-bouche\/","title":{"rendered":"Bruno Bouch\u00e9"},"content":{"rendered":"<div data-elementor-type=\"wp-page\" data-elementor-id=\"2102\" class=\"elementor elementor-2102\" data-elementor-post-type=\"page\">\n\t\t\t\t\t\t<section class=\"elementor-section elementor-top-section elementor-element elementor-element-db84968 elementor-section-boxed elementor-section-height-default elementor-section-height-default\" data-id=\"db84968\" data-element_type=\"section\" data-settings=\"{&quot;jet_parallax_layout_list&quot;:[],&quot;background_background&quot;:&quot;classic&quot;}\">\n\t\t\t\t\t\t<div class=\"elementor-container elementor-column-gap-default\">\n\t\t\t\t\t<div class=\"elementor-column elementor-col-100 elementor-top-column elementor-element elementor-element-8d32979\" data-id=\"8d32979\" data-element_type=\"column\">\n\t\t\t<div class=\"elementor-widget-wrap\">\n\t\t\t\t\t\t\t<\/div>\n\t\t<\/div>\n\t\t\t\t\t<\/div>\n\t\t<\/section>\n\t\t\t\t<section class=\"elementor-section elementor-top-section elementor-element elementor-element-5baade2 elementor-section-boxed elementor-section-height-default elementor-section-height-default\" data-id=\"5baade2\" data-element_type=\"section\" data-settings=\"{&quot;jet_parallax_layout_list&quot;:[]}\">\n\t\t\t\t\t\t<div class=\"elementor-container elementor-column-gap-default\">\n\t\t\t\t\t<div class=\"elementor-column elementor-col-100 elementor-top-column elementor-element elementor-element-b2aa2b1\" data-id=\"b2aa2b1\" data-element_type=\"column\">\n\t\t\t<div class=\"elementor-widget-wrap elementor-element-populated\">\n\t\t\t\t\t\t<div class=\"elementor-element elementor-element-f5beb95 elementor-widget elementor-widget-heading\" data-id=\"f5beb95\" data-element_type=\"widget\" data-widget_type=\"heading.default\">\n\t\t\t\t<div class=\"elementor-widget-container\">\n\t\t\t\t\t<h3 class=\"elementor-heading-title elementor-size-default\">Bruno Bouch\u00e9<\/h3>\t\t\t\t<\/div>\n\t\t\t\t<\/div>\n\t\t\t\t<div class=\"elementor-element elementor-element-dc21ee9 elementor-widget elementor-widget-heading\" data-id=\"dc21ee9\" data-element_type=\"widget\" data-widget_type=\"heading.default\">\n\t\t\t\t<div class=\"elementor-widget-container\">\n\t\t\t\t\t<h4 class=\"elementor-heading-title elementor-size-default\">Artistic Director CCN - Ballet de l'Op\u00e9ra national du Rhin<\/h4>\t\t\t\t<\/div>\n\t\t\t\t<\/div>\n\t\t\t\t\t<\/div>\n\t\t<\/div>\n\t\t\t\t\t<\/div>\n\t\t<\/section>\n\t\t\t\t<section class=\"elementor-section elementor-top-section elementor-element elementor-element-302ad74 elementor-section-boxed elementor-section-height-default elementor-section-height-default\" data-id=\"302ad74\" data-element_type=\"section\" data-settings=\"{&quot;jet_parallax_layout_list&quot;:[]}\">\n\t\t\t\t\t\t<div class=\"elementor-container elementor-column-gap-default\">\n\t\t\t\t\t<div class=\"elementor-column elementor-col-50 elementor-top-column elementor-element elementor-element-a08a879\" data-id=\"a08a879\" data-element_type=\"column\">\n\t\t\t<div class=\"elementor-widget-wrap elementor-element-populated\">\n\t\t\t\t\t\t<div class=\"elementor-element elementor-element-2e4203f elementor-widget elementor-widget-image\" data-id=\"2e4203f\" data-element_type=\"widget\" data-widget_type=\"image.default\">\n\t\t\t\t<div class=\"elementor-widget-container\">\n\t\t\t\t\t\t\t\t\t\t\t\t\t\t\t<img fetchpriority=\"high\" decoding=\"async\" width=\"681\" height=\"680\" src=\"https:\/\/www.concours-de-jeunes-choregraphes.com\/wp-content\/uploads\/2024\/04\/bb_NB.jpg\" class=\"attachment-medium_large size-medium_large wp-image-2155\" alt=\"\" srcset=\"https:\/\/www.concours-de-jeunes-choregraphes.com\/wp-content\/uploads\/2024\/04\/bb_NB.jpg 681w, https:\/\/www.concours-de-jeunes-choregraphes.com\/wp-content\/uploads\/2024\/04\/bb_NB-300x300.jpg 300w, https:\/\/www.concours-de-jeunes-choregraphes.com\/wp-content\/uploads\/2024\/04\/bb_NB-150x150.jpg 150w, https:\/\/www.concours-de-jeunes-choregraphes.com\/wp-content\/uploads\/2024\/04\/bb_NB-12x12.jpg 12w, https:\/\/www.concours-de-jeunes-choregraphes.com\/wp-content\/uploads\/2024\/04\/bb_NB-550x550.jpg 550w\" sizes=\"(max-width: 681px) 100vw, 681px\" \/>\t\t\t\t\t\t\t\t\t\t\t\t\t\t\t<\/div>\n\t\t\t\t<\/div>\n\t\t\t\t\t<\/div>\n\t\t<\/div>\n\t\t\t\t<div class=\"elementor-column elementor-col-50 elementor-top-column elementor-element elementor-element-1913b6f\" data-id=\"1913b6f\" data-element_type=\"column\">\n\t\t\t<div class=\"elementor-widget-wrap elementor-element-populated\">\n\t\t\t\t\t\t<div class=\"elementor-element elementor-element-08ed761 elementor-widget elementor-widget-text-editor\" data-id=\"08ed761\" data-element_type=\"widget\" data-widget_type=\"text-editor.default\">\n\t\t\t\t<div class=\"elementor-widget-container\">\n\t\t\t\t\t\t\t\t\t<p><span data-contrast=\"auto\">Artistic Director of the CCN-Ballet de l'Op\u00e9ra national du Rhin since 2017. He joined the corps de ballet of the Op\u00e9ra national de Paris in 1996, and was appointed Sujet in 2002. He danced under the direction of Brigitte Lef\u00e8vre until 2014, performing works by George Balanchine, Pina Bausch, Maurice B\u00e9jart, William Forsythe, Ji\u0159\u00ed Kyli\u00e1n, Jos\u00e9 Martinez, Rudolf Noureev, Roland Petit, Angelin Preljocaj, Laura Scozzi, Tino Sehgal and Saburo Teschigawra. From 1999 to 2017, he directed the Incidence Chor\u00e9graphique company, which produces works by dancers from the Paris Opera and independent artists. He has choreographed works for the company since 2003, including Bless-ainsi soit-Il, Nous ne cesserons pas and From the Human Body. He collaborated with JR on his film Les Bosquets. He created Between light and nowhere (2016) at the Suzanne Dellal Center in Tel Aviv. In 2013, he took over the direction of the festival Les Synodales in Sens and the contemporary choreographic competition for young companies. For the Op\u00e9ra national de Paris he created SOI-\u0102tman and Music for Pieces of Wood (2013), Yourodivy (2014), Amores 4 and Dance Musique 3-2-1(2015), Undoing World (2017). In 2014-2015, he led the Dix mois d'\u00e9cole et d'Op\u00e9ra project and created \u00c7a manque d'amour. During the 2015\/2016 season, he took part in the Acad\u00e9mie de Chor\u00e9graphie at the Op\u00e9ra national de Paris (directed by Benjamin Millepied).<\/span><span data-ccp-props=\"{&quot;201341983&quot;:0,&quot;335559739&quot;:0,&quot;335559740&quot;:240}\">\u00a0<\/span><\/p><p><span data-contrast=\"auto\">He choreographed Cl\u00e9ment Hervieu L\u00e9ger's productions of Monsieur de Pourceaugnac with William Christie and Les Arts Florissant, Une derni\u00e8re soir\u00e9e de Carnaval (Th\u00e9\u00e2tre les Bouffes du Nord) and La Cerisaie (Com\u00e9die Fran\u00e7aise). He was awarded the Grand Prix de la critique for choreographic personality of the year 2018. For his latest creation Offrande (2021), Mi\u00e9 Coquempot invited him and B\u00e9atrice Massin to choreograph the musical Offrande by J-S Bach.<\/span><span data-ccp-props=\"{&quot;201341983&quot;:0,&quot;335559739&quot;:0,&quot;335559740&quot;:240}\">\u00a0<\/span><\/p><p><span data-contrast=\"auto\">With the Ballet de l'Op\u00e9ra national du Rhin, he created Fireflies (2018), 40D in homage to Eva Kleinitz (2019), Les Ailes de d\u00e9sir (2021), L'\u0152uvre qui va suivre (2023) with the painter Silv\u00e8re Jarrosson for the Mus\u00e9e Unterlinden in Colmar, On ach\u00e8ve bien les chevaux (2023) with Cl\u00e9ment Hervieu-L\u00e9ger and Daniel San Pedro and Pour le reste (2024). He is an Officier des Arts et des Lettres.<\/span><span data-ccp-props=\"{&quot;201341983&quot;:0,&quot;335559739&quot;:0,&quot;335559740&quot;:240}\">\u00a0<\/span><\/p><p>\u00a0<\/p><p><a href=\"https:\/\/www.operanationaldurhin.eu\/fr\/les-artistes\/details\/bruno-bouche\">operanationaldurhin.eu<\/a><\/p>\t\t\t\t\t\t\t\t<\/div>\n\t\t\t\t<\/div>\n\t\t\t\t\t<\/div>\n\t\t<\/div>\n\t\t\t\t\t<\/div>\n\t\t<\/section>\n\t\t\t\t<\/div>","protected":false},"excerpt":{"rendered":"<p>Bruno Bouch\u00e9 Directeur artistique du CCN \u2022 Ballet de l&#8217;Op\u00e9ra national du Rhin Directeur artistique du CCN\u2022Ballet de l&#8217;Op\u00e9ra national du Rhin depuis 2017. Engag\u00e9 dans le corps de ballet de l&#8217;Op\u00e9ra national de Paris en 1996, il est nomm\u00e9 [&hellip;]<\/p>","protected":false},"author":3,"featured_media":0,"parent":1454,"menu_order":0,"comment_status":"closed","ping_status":"closed","template":"elementor_header_footer","meta":{"footnotes":""},"class_list":["post-2102","page","type-page","status-publish","hentry"],"yoast_head":"<!-- This site is optimized with the Yoast SEO plugin v26.1 - https:\/\/yoast.com\/wordpress\/plugins\/seo\/ -->\n<title>Bruno Bouch\u00e9 - Concours de jeunes choregraphes<\/title>\n<meta name=\"robots\" content=\"index, follow, max-snippet:-1, max-image-preview:large, max-video-preview:-1\" \/>\n<link rel=\"canonical\" href=\"https:\/\/www.concours-de-jeunes-choregraphes.com\/en\/editions-2026\/bruno-bouche\/\" \/>\n<meta property=\"og:locale\" content=\"en_GB\" \/>\n<meta property=\"og:type\" content=\"article\" \/>\n<meta property=\"og:title\" content=\"Bruno Bouch\u00e9 - Concours de jeunes choregraphes\" \/>\n<meta property=\"og:description\" content=\"Bruno Bouch\u00e9 Directeur artistique du CCN \u2022 Ballet de l&#8217;Op\u00e9ra national du Rhin Directeur artistique du CCN\u2022Ballet de l&#8217;Op\u00e9ra national du Rhin depuis 2017. Engag\u00e9 dans le corps de ballet de l&#8217;Op\u00e9ra national de Paris en 1996, il est nomm\u00e9 [&hellip;]\" \/>\n<meta property=\"og:url\" content=\"https:\/\/www.concours-de-jeunes-choregraphes.com\/en\/editions-2026\/bruno-bouche\/\" \/>\n<meta property=\"og:site_name\" content=\"Concours de jeunes choregraphes\" \/>\n<meta property=\"article:modified_time\" content=\"2024-04-09T07:16:26+00:00\" \/>\n<meta property=\"og:image\" content=\"https:\/\/malandaincjc.greenshift.eu\/wp-content\/uploads\/2024\/04\/bb_NB.jpg\" \/>\n<meta name=\"twitter:card\" content=\"summary_large_image\" \/>\n<meta name=\"twitter:label1\" content=\"Estimated reading time\" \/>\n\t<meta name=\"twitter:data1\" content=\"2 minutes\" \/>\n<script type=\"application\/ld+json\" class=\"yoast-schema-graph\">{\"@context\":\"https:\/\/schema.org\",\"@graph\":[{\"@type\":\"WebPage\",\"@id\":\"https:\/\/www.concours-de-jeunes-choregraphes.com\/editions-2026\/bruno-bouche\/\",\"url\":\"https:\/\/www.concours-de-jeunes-choregraphes.com\/editions-2026\/bruno-bouche\/\",\"name\":\"Bruno Bouch\u00e9 - Concours de jeunes choregraphes\",\"isPartOf\":{\"@id\":\"https:\/\/www.concours-de-jeunes-choregraphes.com\/#website\"},\"primaryImageOfPage\":{\"@id\":\"https:\/\/www.concours-de-jeunes-choregraphes.com\/editions-2026\/bruno-bouche\/#primaryimage\"},\"image\":{\"@id\":\"https:\/\/www.concours-de-jeunes-choregraphes.com\/editions-2026\/bruno-bouche\/#primaryimage\"},\"thumbnailUrl\":\"https:\/\/malandaincjc.greenshift.eu\/wp-content\/uploads\/2024\/04\/bb_NB.jpg\",\"datePublished\":\"2024-04-03T13:05:10+00:00\",\"dateModified\":\"2024-04-09T07:16:26+00:00\",\"breadcrumb\":{\"@id\":\"https:\/\/www.concours-de-jeunes-choregraphes.com\/editions-2026\/bruno-bouche\/#breadcrumb\"},\"inLanguage\":\"en-GB\",\"potentialAction\":[{\"@type\":\"ReadAction\",\"target\":[\"https:\/\/www.concours-de-jeunes-choregraphes.com\/editions-2026\/bruno-bouche\/\"]}]},{\"@type\":\"ImageObject\",\"inLanguage\":\"en-GB\",\"@id\":\"https:\/\/www.concours-de-jeunes-choregraphes.com\/editions-2026\/bruno-bouche\/#primaryimage\",\"url\":\"https:\/\/malandaincjc.greenshift.eu\/wp-content\/uploads\/2024\/04\/bb_NB.jpg\",\"contentUrl\":\"https:\/\/malandaincjc.greenshift.eu\/wp-content\/uploads\/2024\/04\/bb_NB.jpg\"},{\"@type\":\"BreadcrumbList\",\"@id\":\"https:\/\/www.concours-de-jeunes-choregraphes.com\/editions-2026\/bruno-bouche\/#breadcrumb\",\"itemListElement\":[{\"@type\":\"ListItem\",\"position\":1,\"name\":\"Accueil\",\"item\":\"https:\/\/www.concours-de-jeunes-choregraphes.com\/\"},{\"@type\":\"ListItem\",\"position\":2,\"name\":\"\u00c9dition 2026\",\"item\":\"https:\/\/www.concours-de-jeunes-choregraphes.com\/editions-2026\/\"},{\"@type\":\"ListItem\",\"position\":3,\"name\":\"Bruno Bouch\u00e9\"}]},{\"@type\":\"WebSite\",\"@id\":\"https:\/\/www.concours-de-jeunes-choregraphes.com\/#website\",\"url\":\"https:\/\/www.concours-de-jeunes-choregraphes.com\/\",\"name\":\"Concours de jeunes choregraphes\",\"description\":\"\",\"publisher\":{\"@id\":\"https:\/\/www.concours-de-jeunes-choregraphes.com\/#organization\"},\"potentialAction\":[{\"@type\":\"SearchAction\",\"target\":{\"@type\":\"EntryPoint\",\"urlTemplate\":\"https:\/\/www.concours-de-jeunes-choregraphes.com\/?s={search_term_string}\"},\"query-input\":{\"@type\":\"PropertyValueSpecification\",\"valueRequired\":true,\"valueName\":\"search_term_string\"}}],\"inLanguage\":\"en-GB\"},{\"@type\":\"Organization\",\"@id\":\"https:\/\/www.concours-de-jeunes-choregraphes.com\/#organization\",\"name\":\"Concours de jeunes choregraphes\",\"url\":\"https:\/\/www.concours-de-jeunes-choregraphes.com\/\",\"logo\":{\"@type\":\"ImageObject\",\"inLanguage\":\"en-GB\",\"@id\":\"https:\/\/www.concours-de-jeunes-choregraphes.com\/#\/schema\/logo\/image\/\",\"url\":\"https:\/\/www.concours-de-jeunes-choregraphes.com\/wp-content\/uploads\/2024\/06\/concours.jpg\",\"contentUrl\":\"https:\/\/www.concours-de-jeunes-choregraphes.com\/wp-content\/uploads\/2024\/06\/concours.jpg\",\"width\":1200,\"height\":675,\"caption\":\"Concours de jeunes choregraphes\"},\"image\":{\"@id\":\"https:\/\/www.concours-de-jeunes-choregraphes.com\/#\/schema\/logo\/image\/\"}}]}<\/script>\n<!-- \/ Yoast SEO plugin. -->","yoast_head_json":{"title":"Bruno Bouch\u00e9 - Concours de jeunes choregraphes","robots":{"index":"index","follow":"follow","max-snippet":"max-snippet:-1","max-image-preview":"max-image-preview:large","max-video-preview":"max-video-preview:-1"},"canonical":"https:\/\/www.concours-de-jeunes-choregraphes.com\/en\/editions-2026\/bruno-bouche\/","og_locale":"en_GB","og_type":"article","og_title":"Bruno Bouch\u00e9 - Concours de jeunes choregraphes","og_description":"Bruno Bouch\u00e9 Directeur artistique du CCN \u2022 Ballet de l&#8217;Op\u00e9ra national du Rhin Directeur artistique du CCN\u2022Ballet de l&#8217;Op\u00e9ra national du Rhin depuis 2017. Engag\u00e9 dans le corps de ballet de l&#8217;Op\u00e9ra national de Paris en 1996, il est nomm\u00e9 [&hellip;]","og_url":"https:\/\/www.concours-de-jeunes-choregraphes.com\/en\/editions-2026\/bruno-bouche\/","og_site_name":"Concours de jeunes choregraphes","article_modified_time":"2024-04-09T07:16:26+00:00","og_image":[{"url":"https:\/\/malandaincjc.greenshift.eu\/wp-content\/uploads\/2024\/04\/bb_NB.jpg","type":"","width":"","height":""}],"twitter_card":"summary_large_image","twitter_misc":{"Estimated reading time":"2 minutes"},"schema":{"@context":"https:\/\/schema.org","@graph":[{"@type":"WebPage","@id":"https:\/\/www.concours-de-jeunes-choregraphes.com\/editions-2026\/bruno-bouche\/","url":"https:\/\/www.concours-de-jeunes-choregraphes.com\/editions-2026\/bruno-bouche\/","name":"Bruno Bouch\u00e9 - Concours de jeunes choregraphes","isPartOf":{"@id":"https:\/\/www.concours-de-jeunes-choregraphes.com\/#website"},"primaryImageOfPage":{"@id":"https:\/\/www.concours-de-jeunes-choregraphes.com\/editions-2026\/bruno-bouche\/#primaryimage"},"image":{"@id":"https:\/\/www.concours-de-jeunes-choregraphes.com\/editions-2026\/bruno-bouche\/#primaryimage"},"thumbnailUrl":"https:\/\/malandaincjc.greenshift.eu\/wp-content\/uploads\/2024\/04\/bb_NB.jpg","datePublished":"2024-04-03T13:05:10+00:00","dateModified":"2024-04-09T07:16:26+00:00","breadcrumb":{"@id":"https:\/\/www.concours-de-jeunes-choregraphes.com\/editions-2026\/bruno-bouche\/#breadcrumb"},"inLanguage":"en-GB","potentialAction":[{"@type":"ReadAction","target":["https:\/\/www.concours-de-jeunes-choregraphes.com\/editions-2026\/bruno-bouche\/"]}]},{"@type":"ImageObject","inLanguage":"en-GB","@id":"https:\/\/www.concours-de-jeunes-choregraphes.com\/editions-2026\/bruno-bouche\/#primaryimage","url":"https:\/\/malandaincjc.greenshift.eu\/wp-content\/uploads\/2024\/04\/bb_NB.jpg","contentUrl":"https:\/\/malandaincjc.greenshift.eu\/wp-content\/uploads\/2024\/04\/bb_NB.jpg"},{"@type":"BreadcrumbList","@id":"https:\/\/www.concours-de-jeunes-choregraphes.com\/editions-2026\/bruno-bouche\/#breadcrumb","itemListElement":[{"@type":"ListItem","position":1,"name":"Accueil","item":"https:\/\/www.concours-de-jeunes-choregraphes.com\/"},{"@type":"ListItem","position":2,"name":"\u00c9dition 2026","item":"https:\/\/www.concours-de-jeunes-choregraphes.com\/editions-2026\/"},{"@type":"ListItem","position":3,"name":"Bruno Bouch\u00e9"}]},{"@type":"WebSite","@id":"https:\/\/www.concours-de-jeunes-choregraphes.com\/#website","url":"https:\/\/www.concours-de-jeunes-choregraphes.com\/","name":"Concours de jeunes choregraphes","description":"","publisher":{"@id":"https:\/\/www.concours-de-jeunes-choregraphes.com\/#organization"},"potentialAction":[{"@type":"SearchAction","target":{"@type":"EntryPoint","urlTemplate":"https:\/\/www.concours-de-jeunes-choregraphes.com\/?s={search_term_string}"},"query-input":{"@type":"PropertyValueSpecification","valueRequired":true,"valueName":"search_term_string"}}],"inLanguage":"en-GB"},{"@type":"Organization","@id":"https:\/\/www.concours-de-jeunes-choregraphes.com\/#organization","name":"Concours de jeunes choregraphes","url":"https:\/\/www.concours-de-jeunes-choregraphes.com\/","logo":{"@type":"ImageObject","inLanguage":"en-GB","@id":"https:\/\/www.concours-de-jeunes-choregraphes.com\/#\/schema\/logo\/image\/","url":"https:\/\/www.concours-de-jeunes-choregraphes.com\/wp-content\/uploads\/2024\/06\/concours.jpg","contentUrl":"https:\/\/www.concours-de-jeunes-choregraphes.com\/wp-content\/uploads\/2024\/06\/concours.jpg","width":1200,"height":675,"caption":"Concours de jeunes choregraphes"},"image":{"@id":"https:\/\/www.concours-de-jeunes-choregraphes.com\/#\/schema\/logo\/image\/"}}]}},"_links":{"self":[{"href":"https:\/\/www.concours-de-jeunes-choregraphes.com\/en\/wp-json\/wp\/v2\/pages\/2102","targetHints":{"allow":["GET"]}}],"collection":[{"href":"https:\/\/www.concours-de-jeunes-choregraphes.com\/en\/wp-json\/wp\/v2\/pages"}],"about":[{"href":"https:\/\/www.concours-de-jeunes-choregraphes.com\/en\/wp-json\/wp\/v2\/types\/page"}],"author":[{"embeddable":true,"href":"https:\/\/www.concours-de-jeunes-choregraphes.com\/en\/wp-json\/wp\/v2\/users\/3"}],"replies":[{"embeddable":true,"href":"https:\/\/www.concours-de-jeunes-choregraphes.com\/en\/wp-json\/wp\/v2\/comments?post=2102"}],"version-history":[{"count":11,"href":"https:\/\/www.concours-de-jeunes-choregraphes.com\/en\/wp-json\/wp\/v2\/pages\/2102\/revisions"}],"predecessor-version":[{"id":2735,"href":"https:\/\/www.concours-de-jeunes-choregraphes.com\/en\/wp-json\/wp\/v2\/pages\/2102\/revisions\/2735"}],"up":[{"embeddable":true,"href":"https:\/\/www.concours-de-jeunes-choregraphes.com\/en\/wp-json\/wp\/v2\/pages\/1454"}],"wp:attachment":[{"href":"https:\/\/www.concours-de-jeunes-choregraphes.com\/en\/wp-json\/wp\/v2\/media?parent=2102"}],"curies":[{"name":"wp","href":"https:\/\/api.w.org\/{rel}","templated":true}]}}